{"id":74,"date":"2022-10-01T11:51:00","date_gmt":"2022-10-01T11:51:00","guid":{"rendered":"https:\/\/realticx.hinzaco.com\/tr\/?page_id=74"},"modified":"2023-01-17T07:22:34","modified_gmt":"2023-01-17T07:22:34","slug":"satmak","status":"publish","type":"page","link":"https:\/\/realticx.com\/tr\/hizmetler\/satmak\/","title":{"rendered":"Satmak"},"content":{"rendered":"\t\t<div data-elementor-type=\"wp-page\" data-elementor-id=\"74\" class=\"elementor elementor-74\">\n\t\t\t\t\t\t<section class=\"elementor-section elementor-top-section elementor-element elementor-element-34d9c82 elementor-section-full_width elementor-section-height-default elementor-section-height-default\" data-id=\"34d9c82\" data-element_type=\"section\" data-settings=\"{&quot;background_background&quot;:&quot;classic&quot;}\">\n\t\t\t\t\t\t\t<div class=\"elementor-background-overlay\"><\/div>\n\t\t\t\t\t\t\t<div class=\"elementor-container elementor-column-gap-default\">\n\t\t\t\t\t<div class=\"elementor-column elementor-col-100 elementor-top-column elementor-element elementor-element-122862b\" data-id=\"122862b\" data-element_type=\"column\">\n\t\t\t<div class=\"elementor-widget-wrap elementor-element-populated\">\n\t\t\t\t\t\t<div class=\"elementor-element elementor-element-2dc1081 elementor-widget elementor-widget-heading\" data-id=\"2dc1081\" data-element_type=\"widget\" data-widget_type=\"heading.default\">\n\t\t\t\t<div class=\"elementor-widget-container\">\n\t\t\t\t\t<h2 class=\"elementor-heading-title elementor-size-default\">Property Management<\/h2>\t\t\t\t<\/div>\n\t\t\t\t<\/div>\n\t\t\t\t\t<\/div>\n\t\t<\/div>\n\t\t\t\t\t<\/div>\n\t\t<\/section>\n\t\t\t\t<section class=\"elementor-section elementor-top-section elementor-element elementor-element-483bf1f elementor-section-content-top elementor-section-boxed elementor-section-height-default elementor-section-height-default\" data-id=\"483bf1f\" data-element_type=\"section\">\n\t\t\t\t\t\t<div class=\"elementor-container elementor-column-gap-default\">\n\t\t\t\t\t<div class=\"elementor-column elementor-col-50 elementor-top-column elementor-element elementor-element-a9833af\" data-id=\"a9833af\" data-element_type=\"column\">\n\t\t\t<div class=\"elementor-widget-wrap elementor-element-populated\">\n\t\t\t\t\t\t<div class=\"elementor-element elementor-element-755f232 elementor-widget elementor-widget-text-editor\" data-id=\"755f232\" data-element_type=\"widget\" data-widget_type=\"text-editor.default\">\n\t\t\t\t<div class=\"elementor-widget-container\">\n\t\t\t\t\t\t\t\t\t<p><span class=\"HwtZe\" lang=\"tr\"><strong><span class=\"jCAhz ChMk0b\"><span class=\"ryNqvb\">Tebrikler!<\/span><\/span> <\/strong><span class=\"jCAhz ChMk0b\"><span class=\"ryNqvb\">Yeni sahibi sizsiniz ve sizin i\u00e7in sa\u011flam bir plan yapmam\u0131z gerekiyor.<\/span><\/span> <span class=\"jCAhz ChMk0b\"><span class=\"ryNqvb\">M\u00fclk\u00fcn\u00fcz\u00fcn t\u00fcr\u00fcne ba\u011fl\u0131 olarak, a\u015fa\u011f\u0131daki se\u00e7eneklerden baz\u0131lar\u0131na sahip olman\u0131z gerekebilir:<\/span><\/span><\/span><\/p><p><span class=\"HwtZe\" lang=\"tr\"><span class=\"jCAhz ChMk0b\"><span class=\"ryNqvb\"><strong>Haz\u0131r M\u00fclkte Ta\u015f\u0131n:<\/strong> M\u00fclk\u00fcn\u00fcz bo\u015f ve onu tatil evi olarak bo\u015f tutmak isteyebilirsiniz veya m\u00fclk\u00fc kiraya verip biraz para kazanman\u0131z gerekebilir.<\/span><\/span> <span class=\"jCAhz ChMk0b\"><span class=\"ryNqvb\">Bu nedenle, kirac\u0131n\u0131z ve kiralama s\u00fcresi ile ilgili \u015fartlar\u0131n\u0131z hakk\u0131nda karar vermenize yard\u0131mc\u0131 oluruz.<\/span><\/span><\/span><\/p><p><span class=\"HwtZe\" lang=\"tr\"><span class=\"jCAhz ChMk0b\"><span class=\"ryNqvb\"><strong>Kira Fiyat\u0131:<\/strong> Kamuya a\u00e7\u0131k ve mevcut verilere dayanarak kira fiyat aral\u0131\u011f\u0131n\u0131z ile ilgili d\u00fc\u015f\u00fcncelerimizi size bildiririz, ancak kira bedelini siz belirler ve kesinle\u015ftirirsiniz.<\/span><\/span><\/span><\/p><p><span class=\"HwtZe\" lang=\"tr\"><span class=\"jCAhz ChMk0b\"><span class=\"ryNqvb\"><strong>Yeni kirac\u0131 i\u00e7in pazarlama:<\/strong> Kriterlerinize g\u00f6re sizin i\u00e7in do\u011fru kirac\u0131y\u0131\/kirac\u0131lar\u0131 bulmak i\u00e7in bo\u015f birimin reklam\u0131n\u0131 yapar\u0131z.<\/span><\/span><\/span><\/p><p><span class=\"HwtZe\" lang=\"tr\"><span class=\"jCAhz ChMk0b\"><span class=\"ryNqvb\"><strong>Kirac\u0131 \u00f6zge\u00e7mi\u015f kontrol\u00fc:<\/strong> \u00dcnitenizi yeni kirac\u0131ya kiralamaya karar verebilirsiniz, b\u00f6ylece size yetkili acenteler taraf\u0131ndan sa\u011flanan en g\u00fcncel kirac\u0131 ge\u00e7mi\u015f kontrol\u00fcn\u00fc sa\u011flayabiliriz.<\/span><\/span> <span class=\"jCAhz ChMk0b\"><span class=\"ryNqvb\">O zaman do\u011fru kirac\u0131y\u0131 se\u00e7ersiniz ve biz sizin i\u00e7in bir anla\u015fma yapar\u0131z.<\/span><\/span><\/span><\/p>\t\t\t\t\t\t\t\t<\/div>\n\t\t\t\t<\/div>\n\t\t\t\t\t<\/div>\n\t\t<\/div>\n\t\t\t\t<div class=\"elementor-column elementor-col-50 elementor-top-column elementor-element elementor-element-4f15152\" data-id=\"4f15152\" data-element_type=\"column\">\n\t\t\t<div class=\"elementor-widget-wrap elementor-element-populated\">\n\t\t\t\t\t\t<div class=\"elementor-element elementor-element-ccdcfde max-300 elementor-widget elementor-widget-image\" data-id=\"ccdcfde\" data-element_type=\"widget\" data-widget_type=\"image.default\">\n\t\t\t\t<div class=\"elementor-widget-container\">\n\t\t\t\t\t\t\t\t\t\t\t\t\t\t\t<img fetchpriority=\"high\" decoding=\"async\" width=\"640\" height=\"480\" src=\"https:\/\/realticx.com\/tr\/wp-content\/uploads\/sites\/3\/2023\/01\/Mulholland-5-D.jpg\" class=\"attachment-large size-large wp-image-454\" alt=\"\" srcset=\"https:\/\/realticx.com\/tr\/wp-content\/uploads\/sites\/3\/2023\/01\/Mulholland-5-D.jpg 640w, https:\/\/realticx.com\/tr\/wp-content\/uploads\/sites\/3\/2023\/01\/Mulholland-5-D-300x225.jpg 300w, https:\/\/realticx.com\/tr\/wp-content\/uploads\/sites\/3\/2023\/01\/Mulholland-5-D-500x375.jpg 500w\" sizes=\"(max-width: 640px) 100vw, 640px\" \/>\t\t\t\t\t\t\t\t\t\t\t\t\t\t\t<\/div>\n\t\t\t\t<\/div>\n\t\t\t\t\t<\/div>\n\t\t<\/div>\n\t\t\t\t\t<\/div>\n\t\t<\/section>\n\t\t\t\t<section class=\"elementor-section elementor-top-section elementor-element elementor-element-6fdab9e elementor-section-boxed elementor-section-height-default elementor-section-height-default\" data-id=\"6fdab9e\" data-element_type=\"section\">\n\t\t\t\t\t\t<div class=\"elementor-container elementor-column-gap-default\">\n\t\t\t\t\t<div class=\"elementor-column elementor-col-100 elementor-top-column elementor-element elementor-element-b331731\" data-id=\"b331731\" data-element_type=\"column\">\n\t\t\t<div class=\"elementor-widget-wrap elementor-element-populated\">\n\t\t\t\t\t\t<div class=\"elementor-element elementor-element-dae8bc0 gallery-spacing-custom elementor-widget elementor-widget-image-gallery\" data-id=\"dae8bc0\" data-element_type=\"widget\" data-widget_type=\"image-gallery.default\">\n\t\t\t\t<div class=\"elementor-widget-container\">\n\t\t\t\t\t\t\t<div class=\"elementor-image-gallery\">\n\t\t\t<div id='gallery-1' class='gallery galleryid-74 gallery-columns-2 gallery-size-featured'><figure class='gallery-item'>\n\t\t\t<div class='gallery-icon landscape'>\n\t\t\t\t<a data-elementor-open-lightbox=\"yes\" data-elementor-lightbox-slideshow=\"dae8bc0\" data-elementor-lightbox-title=\"Pics_001\" data-e-action-hash=\"#elementor-action%3Aaction%3Dlightbox%26settings%3DeyJpZCI6NDU1LCJ1cmwiOiJodHRwczpcL1wvcmVhbHRpY3guY29tXC90clwvd3AtY29udGVudFwvdXBsb2Fkc1wvc2l0ZXNcLzNcLzIwMjNcLzAxXC9QaWNzXzAwMS5wbmciLCJzbGlkZXNob3ciOiJkYWU4YmMwIn0%3D\" href='https:\/\/realticx.com\/tr\/wp-content\/uploads\/sites\/3\/2023\/01\/Pics_001.png'><img decoding=\"async\" width=\"642\" height=\"300\" src=\"https:\/\/realticx.com\/tr\/wp-content\/uploads\/sites\/3\/2023\/01\/Pics_001-642x300.png\" class=\"attachment-featured size-featured\" alt=\"\" \/><\/a>\n\t\t\t<\/div><\/figure><figure class='gallery-item'>\n\t\t\t<div class='gallery-icon landscape'>\n\t\t\t\t<a data-elementor-open-lightbox=\"yes\" data-elementor-lightbox-slideshow=\"dae8bc0\" data-elementor-lightbox-title=\"Pics_002\" data-e-action-hash=\"#elementor-action%3Aaction%3Dlightbox%26settings%3DeyJpZCI6NDU2LCJ1cmwiOiJodHRwczpcL1wvcmVhbHRpY3guY29tXC90clwvd3AtY29udGVudFwvdXBsb2Fkc1wvc2l0ZXNcLzNcLzIwMjNcLzAxXC9QaWNzXzAwMi5wbmciLCJzbGlkZXNob3ciOiJkYWU4YmMwIn0%3D\" href='https:\/\/realticx.com\/tr\/wp-content\/uploads\/sites\/3\/2023\/01\/Pics_002.png'><img decoding=\"async\" width=\"642\" height=\"300\" src=\"https:\/\/realticx.com\/tr\/wp-content\/uploads\/sites\/3\/2023\/01\/Pics_002-642x300.png\" class=\"attachment-featured size-featured\" alt=\"\" \/><\/a>\n\t\t\t<\/div><\/figure>\n\t\t<\/div>\n\t\t<\/div>\n\t\t\t\t\t\t<\/div>\n\t\t\t\t<\/div>\n\t\t\t\t\t<\/div>\n\t\t<\/div>\n\t\t\t\t\t<\/div>\n\t\t<\/section>\n\t\t\t\t<section class=\"elementor-section elementor-top-section elementor-element elementor-element-7044602 elementor-section-content-top elementor-section-boxed elementor-section-height-default elementor-section-height-default\" data-id=\"7044602\" data-element_type=\"section\">\n\t\t\t\t\t\t<div class=\"elementor-container elementor-column-gap-default\">\n\t\t\t\t\t<div class=\"elementor-column elementor-col-100 elementor-top-column elementor-element elementor-element-ae0ea6c\" data-id=\"ae0ea6c\" data-element_type=\"column\">\n\t\t\t<div class=\"elementor-widget-wrap elementor-element-populated\">\n\t\t\t\t\t\t<div class=\"elementor-element elementor-element-761a4b5 elementor-widget elementor-widget-text-editor\" data-id=\"761a4b5\" data-element_type=\"widget\" data-widget_type=\"text-editor.default\">\n\t\t\t\t<div class=\"elementor-widget-container\">\n\t\t\t\t\t\t\t\t\t<p><span class=\"HwtZe\" lang=\"tr\"><span class=\"jCAhz ChMk0b\"><span class=\"ryNqvb\"><strong>Kira s\u00f6zle\u015fmesi:<\/strong> Tercihlerinize g\u00f6re mal sahibinin \u00e7\u0131karlar\u0131n\u0131 korumak i\u00e7in resmi bir kiralama s\u00fcresi ve s\u00f6zle\u015fmesi sa\u011flar\u0131z.<\/span><\/span><\/span><\/p><p><span class=\"HwtZe\" lang=\"tr\"><span class=\"jCAhz ChMk0b\"><span class=\"ryNqvb\"><strong>Kirac\u0131 talebi:<\/strong> Kirac\u0131lar\u0131n m\u00fclkle ilgili olabilecek t\u00fcm \u015fikayetlerini ve sorunlar\u0131n\u0131 ele al\u0131r\u0131z.<\/span><\/span><\/span><\/p><p><span class=\"HwtZe\" lang=\"tr\"><span class=\"jCAhz ChMk0b\"><span class=\"ryNqvb\"><strong>Kiray\u0131 Topla:<\/strong> Kiray\u0131 toplar, gerekirse kira kontrat\u0131n\u0131 yenilerdik.<\/span><\/span><\/span><\/p><p><span class=\"HwtZe\" lang=\"tr\"><span class=\"jCAhz ChMk0b\"><span class=\"ryNqvb\"><strong>M\u00fclk bak\u0131m\u0131 ve onar\u0131mlar\u0131:<\/strong> M\u00fclk\u00fcn\u00fcz\u00fc sa\u011fl\u0131kl\u0131, prezentabl ve \u00e7al\u0131\u015f\u0131r durumda tutard\u0131k.<\/span><\/span> <span class=\"jCAhz ChMk0b\"><span class=\"ryNqvb\">Herhangi bir maddi hasar\u0131 giderir ve onar\u0131rd\u0131k.<\/span><\/span><\/span><\/p><p><span class=\"HwtZe\" lang=\"tr\"><span class=\"jCAhz ChMk0b\"><span class=\"ryNqvb\"><strong>Kirac\u0131 oturuyor:<\/strong> M\u00fclk\u00fcn\u00fcz kirac\u0131 ile birlikte teslim edilir ve kirac\u0131 kiralamas\u0131 ile ilgili iste\u011finizi kesinle\u015ftirirsiniz.<\/span><\/span> <span class=\"jCAhz ChMk0b\"><span class=\"ryNqvb\">Kira kontrat\u0131n\u0131n sizin \u015fartlar\u0131n\u0131zla devam etmesini isteyebiliriz veya onlardan ta\u015f\u0131nmalar\u0131n\u0131 ve gelecekteki kararlar i\u00e7in bo\u015f olan m\u00fclk\u00fc teslim etmelerini isteyebiliriz.<\/span><\/span><\/span><\/p><p><span class=\"HwtZe\" lang=\"tr\"><span class=\"jCAhz ChMk0b\"><span class=\"ryNqvb\"><strong>Onar\u0131m ve \u0130yile\u015ftirme Gerekiyor:<\/strong> M\u00fclk\u00fcn\u00fcz\u00fcn evde iyile\u015ftirme ve tadilata ihtiyac\u0131 var.<\/span><\/span> <span class=\"jCAhz ChMk0b\"><span class=\"ryNqvb\">M\u00fclk\u00fcn\u00fcz\u00fcn iyile\u015ftirilmesiyle ilgili karar vermeniz i\u00e7in size bir teklif sunaca\u011f\u0131z.<\/span><\/span><\/span><\/p><p>\u00a0<\/p>\t\t\t\t\t\t\t\t<\/div>\n\t\t\t\t<\/div>\n\t\t\t\t\t<\/div>\n\t\t<\/div>\n\t\t\t\t\t<\/div>\n\t\t<\/section>\n\t\t\t\t<section class=\"elementor-section elementor-top-section elementor-element elementor-element-4e629e1 elementor-section-content-top elementor-section-boxed elementor-section-height-default elementor-section-height-default\" data-id=\"4e629e1\" data-element_type=\"section\">\n\t\t\t\t\t\t<div class=\"elementor-container elementor-column-gap-default\">\n\t\t\t\t\t<div class=\"elementor-column elementor-col-50 elementor-top-column elementor-element elementor-element-20dc6ab\" data-id=\"20dc6ab\" data-element_type=\"column\">\n\t\t\t<div class=\"elementor-widget-wrap elementor-element-populated\">\n\t\t\t\t\t\t<div class=\"elementor-element elementor-element-83110dd elementor-widget elementor-widget-video\" data-id=\"83110dd\" data-element_type=\"widget\" data-settings=\"{&quot;youtube_url&quot;:&quot;https:\\\/\\\/youtu.be\\\/6qmsgd75fsY&quot;,&quot;lazy_load&quot;:&quot;yes&quot;,&quot;show_image_overlay&quot;:&quot;yes&quot;,&quot;image_overlay&quot;:{&quot;url&quot;:&quot;https:\\\/\\\/realticx.com\\\/tr\\\/wp-content\\\/uploads\\\/sites\\\/3\\\/2023\\\/01\\\/Thumbnail-1-DD.jpg&quot;,&quot;id&quot;:438,&quot;size&quot;:&quot;&quot;,&quot;alt&quot;:&quot;&quot;,&quot;source&quot;:&quot;library&quot;},&quot;video_type&quot;:&quot;youtube&quot;,&quot;controls&quot;:&quot;yes&quot;}\" data-widget_type=\"video.default\">\n\t\t\t\t<div class=\"elementor-widget-container\">\n\t\t\t\t\t\t\t<div class=\"elementor-wrapper elementor-open-inline\">\n\t\t\t<div class=\"elementor-video\"><\/div>\t\t\t\t<div class=\"elementor-custom-embed-image-overlay\" style=\"background-image: url(https:\/\/realticx.com\/tr\/wp-content\/uploads\/sites\/3\/2023\/01\/Thumbnail-1-DD.jpg);\">\n\t\t\t\t\t\t\t\t\t\t\t\t\t\t\t\t<div class=\"elementor-custom-embed-play\" role=\"button\" aria-label=\"Play Video\" tabindex=\"0\">\n\t\t\t\t\t\t\t<i aria-hidden=\"true\" class=\"eicon-play\"><\/i>\t\t\t\t\t\t<\/div>\n\t\t\t\t\t\t\t\t\t<\/div>\n\t\t\t\t\t<\/div>\n\t\t\t\t\t\t<\/div>\n\t\t\t\t<\/div>\n\t\t\t\t\t<\/div>\n\t\t<\/div>\n\t\t\t\t<div class=\"elementor-column elementor-col-50 elementor-top-column elementor-element elementor-element-1e91877\" data-id=\"1e91877\" data-element_type=\"column\">\n\t\t\t<div class=\"elementor-widget-wrap elementor-element-populated\">\n\t\t\t\t\t\t<div class=\"elementor-element elementor-element-e7d8d2f elementor-widget elementor-widget-text-editor\" data-id=\"e7d8d2f\" data-element_type=\"widget\" data-widget_type=\"text-editor.default\">\n\t\t\t\t<div class=\"elementor-widget-container\">\n\t\t\t\t\t\t\t\t\t<p><span class=\"HwtZe\" lang=\"tr\"><span class=\"jCAhz ChMk0b\"><span class=\"ryNqvb\"><strong>Yeni \u0130n\u015faat:<\/strong> Bir arazi veya \u00e7ok eski bir m\u00fclk sat\u0131n ald\u0131n\u0131z ve yeni binay\u0131 in\u015fa etmeniz gerekecek, bu senaryo i\u00e7in de size yard\u0131mc\u0131 olaca\u011f\u0131z.<\/span><\/span><\/span><\/p><p><span class=\"HwtZe\" lang=\"tr\"><span class=\"jCAhz ChMk0b\"><span class=\"ryNqvb\"><strong>\u00c7evrimi\u00e7i platform:<\/strong> T\u00fcm raporlar\u0131 \u00e7evrimi\u00e7i platformumuz arac\u0131l\u0131\u011f\u0131yla \u00e7evrimi\u00e7i olarak alacaks\u0131n\u0131z.<\/span><\/span><\/span><\/p><p><span class=\"HwtZe\" lang=\"tr\"><span class=\"jCAhz ChMk0b\"><span class=\"ryNqvb\"><strong>Pazar Raporu:<\/strong> Her \u00fc\u00e7 ayda bir, m\u00fclk\u00fcn\u00fcz i\u00e7in piyasa raporu ve gelecek y\u0131l i\u00e7in m\u00fclk\u00fcn\u00fcz\u00fcn de\u011ferine ili\u015fkin tahminimizi al\u0131rs\u0131n\u0131z.<\/span><\/span><\/span><\/p><p><span class=\"HwtZe\" lang=\"tr\"><span class=\"jCAhz ChMk0b\"><span class=\"ryNqvb\"><strong>Vergi Belgeleri:<\/strong> Sahibinin iste\u011fine g\u00f6re, sahibi ad\u0131na gelir vergisi beyan ederiz.<\/span><\/span><\/span><\/p><p><span class=\"HwtZe\" lang=\"tr\"><span class=\"jCAhz ChMk0b\"><span class=\"ryNqvb\">hizmetlerimiz hakk\u0131nda daha fazla bilgi edinmek veya \u00fccretsiz dan\u0131\u015fmanl\u0131k randevusu almak i\u00e7in <a href=\"https:\/\/realticx.com\/tr\/bize-ulasin\/\"><strong>bizimle ileti\u015fime<\/strong><\/a> ge\u00e7meniz ve sosyal medya sayfalar\u0131m\u0131z olan <a href=\"http:\/\/instagram.com\/realticx\"><strong>Instagram<\/strong><\/a>, <a href=\"https:\/\/www.facebook.com\/profile.php?id=100085938997780\"><strong>Facebook<\/strong><\/a>, <a href=\"http:\/\/twitter.com\/realticx\"><strong>Twitter<\/strong><\/a> ve <a href=\"https:\/\/www.linkedin.com\/company\/realticx-inc\/\"><strong>LinkedIn<\/strong><\/a>\u2018i ziyaret etmeniz yeterlidir.<\/span><\/span><\/span><\/p>\t\t\t\t\t\t\t\t<\/div>\n\t\t\t\t<\/div>\n\t\t\t\t\t<\/div>\n\t\t<\/div>\n\t\t\t\t\t<\/div>\n\t\t<\/section>\n\t\t\t\t<\/div>\n\t\t","protected":false},"excerpt":{"rendered":"<p>Property Management Tebrikler! Yeni sahibi sizsiniz ve sizin i\u00e7in sa\u011flam bir plan yapmam\u0131z gerekiyor. M\u00fclk\u00fcn\u00fcz\u00fcn t\u00fcr\u00fcne ba\u011fl\u0131 olarak, a\u015fa\u011f\u0131daki se\u00e7eneklerden baz\u0131lar\u0131na sahip olman\u0131z gerekebilir: Haz\u0131r M\u00fclkte Ta\u015f\u0131n: M\u00fclk\u00fcn\u00fcz bo\u015f ve onu tatil evi olarak bo\u015f tutmak isteyebilirsiniz veya m\u00fclk\u00fc kiraya<\/p>\n","protected":false},"author":1,"featured_media":0,"parent":61,"menu_order":0,"comment_status":"closed","ping_status":"closed","template":"page-templates\/page-builder.php","meta":{"_vp_format_video_url":"","_vp_image_focal_point":[],"footnotes":""},"class_list":["post-74","page","type-page","status-publish","hentry"],"_links":{"self":[{"href":"https:\/\/realticx.com\/tr\/wp-json\/wp\/v2\/pages\/74","targetHints":{"allow":["GET"]}}],"collection":[{"href":"https:\/\/realticx.com\/tr\/wp-json\/wp\/v2\/pages"}],"about":[{"href":"https:\/\/realticx.com\/tr\/wp-json\/wp\/v2\/types\/page"}],"author":[{"embeddable":true,"href":"https:\/\/realticx.com\/tr\/wp-json\/wp\/v2\/users\/1"}],"replies":[{"embeddable":true,"href":"https:\/\/realticx.com\/tr\/wp-json\/wp\/v2\/comments?post=74"}],"version-history":[{"count":19,"href":"https:\/\/realticx.com\/tr\/wp-json\/wp\/v2\/pages\/74\/revisions"}],"predecessor-version":[{"id":498,"href":"https:\/\/realticx.com\/tr\/wp-json\/wp\/v2\/pages\/74\/revisions\/498"}],"up":[{"embeddable":true,"href":"https:\/\/realticx.com\/tr\/wp-json\/wp\/v2\/pages\/61"}],"wp:attachment":[{"href":"https:\/\/realticx.com\/tr\/wp-json\/wp\/v2\/media?parent=74"}],"curies":[{"name":"wp","href":"https:\/\/api.w.org\/{rel}","templated":true}]}}