{"id":73,"date":"2022-10-01T11:50:57","date_gmt":"2022-10-01T11:50:57","guid":{"rendered":"https:\/\/realticx.hinzaco.com\/tr\/?page_id=73"},"modified":"2023-01-17T07:11:28","modified_gmt":"2023-01-17T07:11:28","slug":"ustesinden-gelmek","status":"publish","type":"page","link":"https:\/\/realticx.com\/tr\/hizmetler\/ustesinden-gelmek\/","title":{"rendered":"\u00dcstesinden gelmek"},"content":{"rendered":"\t\t<div data-elementor-type=\"wp-page\" data-elementor-id=\"73\" class=\"elementor elementor-73\">\n\t\t\t\t\t\t<section class=\"elementor-section elementor-top-section elementor-element elementor-element-34d9c82 elementor-section-full_width elementor-section-height-default elementor-section-height-default\" data-id=\"34d9c82\" data-element_type=\"section\" data-settings=\"{&quot;background_background&quot;:&quot;classic&quot;}\">\n\t\t\t\t\t\t\t<div class=\"elementor-background-overlay\"><\/div>\n\t\t\t\t\t\t\t<div class=\"elementor-container elementor-column-gap-default\">\n\t\t\t\t\t<div class=\"elementor-column elementor-col-100 elementor-top-column elementor-element elementor-element-122862b\" data-id=\"122862b\" data-element_type=\"column\">\n\t\t\t<div class=\"elementor-widget-wrap elementor-element-populated\">\n\t\t\t\t\t\t<div class=\"elementor-element elementor-element-2dc1081 elementor-widget elementor-widget-heading\" data-id=\"2dc1081\" data-element_type=\"widget\" data-widget_type=\"heading.default\">\n\t\t\t\t<div class=\"elementor-widget-container\">\n\t\t\t\t\t<h2 class=\"elementor-heading-title elementor-size-default\">m\u00fclk\u00fcn\u00fc sat<\/h2>\t\t\t\t<\/div>\n\t\t\t\t<\/div>\n\t\t\t\t\t<\/div>\n\t\t<\/div>\n\t\t\t\t\t<\/div>\n\t\t<\/section>\n\t\t\t\t<section class=\"elementor-section elementor-top-section elementor-element elementor-element-483bf1f elementor-section-content-top elementor-section-boxed elementor-section-height-default elementor-section-height-default\" data-id=\"483bf1f\" data-element_type=\"section\">\n\t\t\t\t\t\t<div class=\"elementor-container elementor-column-gap-default\">\n\t\t\t\t\t<div class=\"elementor-column elementor-col-50 elementor-top-column elementor-element elementor-element-a9833af\" data-id=\"a9833af\" data-element_type=\"column\">\n\t\t\t<div class=\"elementor-widget-wrap elementor-element-populated\">\n\t\t\t\t\t\t<div class=\"elementor-element elementor-element-755f232 elementor-widget elementor-widget-text-editor\" data-id=\"755f232\" data-element_type=\"widget\" data-widget_type=\"text-editor.default\">\n\t\t\t\t<div class=\"elementor-widget-container\">\n\t\t\t\t\t\t\t\t\t<p><span class=\"HwtZe\" lang=\"tr\"><span class=\"jCAhz ChMk0b\"><span class=\"ryNqvb\">Bir\u00e7ok nedenden dolay\u0131 m\u00fclk\u00fcn\u00fcz\u00fc satmaya karar verebilirsiniz, bu nedenle bu s\u00fcre\u00e7te size yard\u0131mc\u0131 oluruz.<\/span><\/span> <span class=\"jCAhz ChMk0b\"><span class=\"ryNqvb\">M\u00fclk\u00fcn\u00fcz\u00fcn durumu, bir piyasa tahmin raporu, beklenen sat\u0131\u015f fiyat aral\u0131klar\u0131 ve zaman dilimleri hakk\u0131nda size baz\u0131 fikirler verecek baz\u0131 raporlar sa\u011flayaca\u011f\u0131z.<\/span><\/span> <span class=\"jCAhz ChMk0b\"><span class=\"ryNqvb\">Realticx grubu, ABD&#8217;de yat\u0131r\u0131m ama\u00e7l\u0131 gayrimenkul\u00fcn\u00fcz\u00fc satman\u0131za yard\u0131mc\u0131 olmak i\u00e7in size a\u015fa\u011f\u0131daki uzmanl\u0131\u011f\u0131 ve deneyimli insan grubunu sa\u011flar.<\/span><\/span><\/span><\/p><p><span class=\"HwtZe\" lang=\"tr\"><span class=\"jCAhz ChMk0b\"><span class=\"ryNqvb\"><strong>Emlak Dan\u0131\u015fman\u0131:<\/strong> Sat\u0131c\u0131lar, m\u00fclklerini satmaktan beklentilerini net bir \u015fekilde a\u00e7\u0131klamal\u0131d\u0131r.<\/span><\/span> <span class=\"jCAhz ChMk0b\"><span class=\"ryNqvb\">Emlak dan\u0131\u015fman\u0131m\u0131z size m\u00fclk\u00fcn\u00fczle ilgili tahmin raporlar\u0131 sunar.<\/span><\/span> <span class=\"jCAhz ChMk0b\"><span class=\"ryNqvb\">Ayr\u0131ca, dan\u0131\u015fman m\u00fclk\u00fcn\u00fcz\u00fc satman\u0131z i\u00e7in olas\u0131 senaryolar\u0131 a\u00e7\u0131klayacakt\u0131r.<\/span><\/span><\/span><\/p><p><span class=\"HwtZe\" lang=\"tr\"><span class=\"jCAhz ChMk0b\"><span class=\"ryNqvb\"><strong>Sat\u0131c\u0131n\u0131n Temsilcisi:<\/strong> M\u00fclk\u00fcn\u00fcz i\u00e7in do\u011fru talep edilen fiyat\u0131 belirlemenize yard\u0131mc\u0131 olmas\u0131 i\u00e7in m\u00fclk\u00fcn bulundu\u011fu yerde yetkili bir lisansl\u0131 emlak\u00e7\u0131ya ihtiyac\u0131n\u0131z var.<\/span><\/span> <span class=\"jCAhz ChMk0b\"><span class=\"ryNqvb\">Emlak dan\u0131\u015fman\u0131n\u0131z taraf\u0131ndan sa\u011flanacak olan halka a\u00e7\u0131k ve \u015feffaf verilere dayanarak talep etti\u011finiz fiyat\u0131 kesinle\u015ftirirsiniz.<\/span><\/span> <span class=\"jCAhz ChMk0b\"><span class=\"ryNqvb\">Acenteniz m\u00fclk\u00fcn\u00fcz\u00fc potansiyel al\u0131c\u0131lara g\u00f6sterecek ve al\u0131nan geri bildirimlere g\u00f6re size raporlar sunacakt\u0131r.<\/span><\/span> <span class=\"jCAhz ChMk0b\"><span class=\"ryNqvb\">Realticx grubu, dil tercihlerinize ba\u011fl\u0131 olarak s\u00fcre\u00e7te size yard\u0131mc\u0131 olmas\u0131 i\u00e7in size yerel bir emlak\u00e7\u0131 atar.<\/span><\/span><\/span><\/p>\t\t\t\t\t\t\t\t<\/div>\n\t\t\t\t<\/div>\n\t\t\t\t\t<\/div>\n\t\t<\/div>\n\t\t\t\t<div class=\"elementor-column elementor-col-50 elementor-top-column elementor-element elementor-element-4f15152\" data-id=\"4f15152\" data-element_type=\"column\">\n\t\t\t<div class=\"elementor-widget-wrap elementor-element-populated\">\n\t\t\t\t\t\t<div class=\"elementor-element elementor-element-ccdcfde max-300 elementor-widget elementor-widget-image\" data-id=\"ccdcfde\" data-element_type=\"widget\" data-widget_type=\"image.default\">\n\t\t\t\t<div class=\"elementor-widget-container\">\n\t\t\t\t\t\t\t\t\t\t\t\t\t\t\t<img fetchpriority=\"high\" decoding=\"async\" width=\"640\" height=\"480\" src=\"https:\/\/realticx.com\/tr\/wp-content\/uploads\/sites\/3\/2023\/01\/Hollywood-010-D.jpg\" class=\"attachment-large size-large wp-image-474\" alt=\"\" srcset=\"https:\/\/realticx.com\/tr\/wp-content\/uploads\/sites\/3\/2023\/01\/Hollywood-010-D.jpg 640w, https:\/\/realticx.com\/tr\/wp-content\/uploads\/sites\/3\/2023\/01\/Hollywood-010-D-300x225.jpg 300w, https:\/\/realticx.com\/tr\/wp-content\/uploads\/sites\/3\/2023\/01\/Hollywood-010-D-500x375.jpg 500w\" sizes=\"(max-width: 640px) 100vw, 640px\" \/>\t\t\t\t\t\t\t\t\t\t\t\t\t\t\t<\/div>\n\t\t\t\t<\/div>\n\t\t\t\t\t<\/div>\n\t\t<\/div>\n\t\t\t\t\t<\/div>\n\t\t<\/section>\n\t\t\t\t<section class=\"elementor-section elementor-top-section elementor-element elementor-element-6fdab9e elementor-section-boxed elementor-section-height-default elementor-section-height-default\" data-id=\"6fdab9e\" data-element_type=\"section\">\n\t\t\t\t\t\t<div class=\"elementor-container elementor-column-gap-default\">\n\t\t\t\t\t<div class=\"elementor-column elementor-col-100 elementor-top-column elementor-element elementor-element-b331731\" data-id=\"b331731\" data-element_type=\"column\">\n\t\t\t<div class=\"elementor-widget-wrap elementor-element-populated\">\n\t\t\t\t\t\t<div class=\"elementor-element elementor-element-dae8bc0 gallery-spacing-custom elementor-widget elementor-widget-image-gallery\" data-id=\"dae8bc0\" data-element_type=\"widget\" data-widget_type=\"image-gallery.default\">\n\t\t\t\t<div class=\"elementor-widget-container\">\n\t\t\t\t\t\t\t<div class=\"elementor-image-gallery\">\n\t\t\t<div id='gallery-1' class='gallery galleryid-73 gallery-columns-2 gallery-size-featured'><figure class='gallery-item'>\n\t\t\t<div class='gallery-icon landscape'>\n\t\t\t\t<a data-elementor-open-lightbox=\"yes\" data-elementor-lightbox-slideshow=\"dae8bc0\" data-elementor-lightbox-title=\"Presentation-1_001\" data-e-action-hash=\"#elementor-action%3Aaction%3Dlightbox%26settings%3DeyJpZCI6NDc1LCJ1cmwiOiJodHRwczpcL1wvcmVhbHRpY3guY29tXC90clwvd3AtY29udGVudFwvdXBsb2Fkc1wvc2l0ZXNcLzNcLzIwMjNcLzAxXC9QcmVzZW50YXRpb24tMV8wMDEucG5nIiwic2xpZGVzaG93IjoiZGFlOGJjMCJ9\" href='https:\/\/realticx.com\/tr\/wp-content\/uploads\/sites\/3\/2023\/01\/Presentation-1_001.png'><img decoding=\"async\" width=\"642\" height=\"300\" src=\"https:\/\/realticx.com\/tr\/wp-content\/uploads\/sites\/3\/2023\/01\/Presentation-1_001-642x300.png\" class=\"attachment-featured size-featured\" alt=\"\" \/><\/a>\n\t\t\t<\/div><\/figure><figure class='gallery-item'>\n\t\t\t<div class='gallery-icon landscape'>\n\t\t\t\t<a data-elementor-open-lightbox=\"yes\" data-elementor-lightbox-slideshow=\"dae8bc0\" data-elementor-lightbox-title=\"Presentation-1_002\" data-e-action-hash=\"#elementor-action%3Aaction%3Dlightbox%26settings%3DeyJpZCI6NDc2LCJ1cmwiOiJodHRwczpcL1wvcmVhbHRpY3guY29tXC90clwvd3AtY29udGVudFwvdXBsb2Fkc1wvc2l0ZXNcLzNcLzIwMjNcLzAxXC9QcmVzZW50YXRpb24tMV8wMDIucG5nIiwic2xpZGVzaG93IjoiZGFlOGJjMCJ9\" href='https:\/\/realticx.com\/tr\/wp-content\/uploads\/sites\/3\/2023\/01\/Presentation-1_002.png'><img decoding=\"async\" width=\"642\" height=\"300\" src=\"https:\/\/realticx.com\/tr\/wp-content\/uploads\/sites\/3\/2023\/01\/Presentation-1_002-642x300.png\" class=\"attachment-featured size-featured\" alt=\"\" \/><\/a>\n\t\t\t<\/div><\/figure>\n\t\t<\/div>\n\t\t<\/div>\n\t\t\t\t\t\t<\/div>\n\t\t\t\t<\/div>\n\t\t\t\t\t<\/div>\n\t\t<\/div>\n\t\t\t\t\t<\/div>\n\t\t<\/section>\n\t\t\t\t<section class=\"elementor-section elementor-top-section elementor-element elementor-element-7044602 elementor-section-content-top elementor-section-boxed elementor-section-height-default elementor-section-height-default\" data-id=\"7044602\" data-element_type=\"section\">\n\t\t\t\t\t\t<div class=\"elementor-container elementor-column-gap-default\">\n\t\t\t\t\t<div class=\"elementor-column elementor-col-100 elementor-top-column elementor-element elementor-element-ae0ea6c\" data-id=\"ae0ea6c\" data-element_type=\"column\">\n\t\t\t<div class=\"elementor-widget-wrap elementor-element-populated\">\n\t\t\t\t\t\t<div class=\"elementor-element elementor-element-761a4b5 elementor-widget elementor-widget-text-editor\" data-id=\"761a4b5\" data-element_type=\"widget\" data-widget_type=\"text-editor.default\">\n\t\t\t\t<div class=\"elementor-widget-container\">\n\t\t\t\t\t\t\t\t\t<p><span class=\"HwtZe\" lang=\"tr\"><span class=\"jCAhz ChMk0b\"><span class=\"ryNqvb\"><strong>Emlak Pazar\u0131:<\/strong> Gayrimenkul\u00fcn\u00fcz\u00fc en y\u00fcksek de\u011ferde satmak i\u00e7in reklam yapman\u0131za yard\u0131mc\u0131 olacak g\u00fc\u00e7l\u00fc bir reklam grubuna sahip olman\u0131z gerekir.<\/span><\/span> <span class=\"jCAhz ChMk0b\"><span class=\"ryNqvb\">Realticx pazar yeri platformunda m\u00fclk\u00fcn\u00fcz\u00fcn d\u00fcnya \u00e7ap\u0131nda reklam\u0131n\u0131 yapar\u0131z.<\/span><\/span><\/span><\/p><p><span class=\"HwtZe\" lang=\"tr\"><span class=\"jCAhz ChMk0b\"><span class=\"ryNqvb\"><strong>Al\u0131c\u0131 ile Pazarl\u0131k Yap\u0131n:<\/strong> Al\u0131c\u0131 taraf\u0131n\u0131zla ileti\u015fim kurman\u0131z ve s\u00f6zle\u015fmeyi sonu\u00e7land\u0131rman\u0131z gerekir, b\u00f6ylece Realtix, s\u00f6zle\u015fmenin haz\u0131rlanmas\u0131 ve sonu\u00e7land\u0131r\u0131lmas\u0131n\u0131n t\u00fcm a\u015famalar\u0131nda size yard\u0131mc\u0131 olur, bu nedenle sizin i\u00e7in gelecekte herhangi bir sorumluluk yoktur.<\/span><\/span><\/span><\/p><p><span class=\"HwtZe\" lang=\"tr\"><span class=\"jCAhz ChMk0b\"><span class=\"ryNqvb\"><strong>Onar\u0131m Listesi:<\/strong> Al\u0131c\u0131n\u0131z baz\u0131 onar\u0131mlar isteyebilir, bu nedenle Realticx grubu, sizin anla\u015fman\u0131za ve onay\u0131n\u0131za ba\u011fl\u0131 olarak m\u00fclkte talep edilen \u00f6\u011feleri onaracakt\u0131r.<\/span><\/span><\/span><\/p><p><span class=\"HwtZe\" lang=\"tr\"><span class=\"jCAhz ChMk0b\"><span class=\"ryNqvb\"><strong>Emanet \u015eirketi\/Emlak Vekili:<\/strong> Her \u0130\u015flem, belgelerin onaylanmas\u0131 ve g\u00f6zden ge\u00e7irilmesi i\u00e7in bir Emanet \u015firketine veya Emlak vekiline ihtiya\u00e7 duyar.<\/span><\/span> <span class=\"jCAhz ChMk0b\"><span class=\"ryNqvb\">Realticx grubu size do\u011fru emlak avukat\u0131n\u0131 veya emanet \u015firketini atayacakt\u0131r.<\/span><\/span><\/span><\/p>\t\t\t\t\t\t\t\t<\/div>\n\t\t\t\t<\/div>\n\t\t\t\t\t<\/div>\n\t\t<\/div>\n\t\t\t\t\t<\/div>\n\t\t<\/section>\n\t\t\t\t<section class=\"elementor-section elementor-top-section elementor-element elementor-element-4e629e1 elementor-section-content-top elementor-section-boxed elementor-section-height-default elementor-section-height-default\" data-id=\"4e629e1\" data-element_type=\"section\">\n\t\t\t\t\t\t<div class=\"elementor-container elementor-column-gap-default\">\n\t\t\t\t\t<div class=\"elementor-column elementor-col-50 elementor-top-column elementor-element elementor-element-20dc6ab\" data-id=\"20dc6ab\" data-element_type=\"column\">\n\t\t\t<div class=\"elementor-widget-wrap elementor-element-populated\">\n\t\t\t\t\t\t<div class=\"elementor-element elementor-element-83110dd elementor-widget elementor-widget-video\" data-id=\"83110dd\" data-element_type=\"widget\" data-settings=\"{&quot;youtube_url&quot;:&quot;https:\\\/\\\/youtu.be\\\/6qmsgd75fsY&quot;,&quot;lazy_load&quot;:&quot;yes&quot;,&quot;show_image_overlay&quot;:&quot;yes&quot;,&quot;image_overlay&quot;:{&quot;url&quot;:&quot;https:\\\/\\\/realticx.com\\\/tr\\\/wp-content\\\/uploads\\\/sites\\\/3\\\/2023\\\/01\\\/Thumbnail-1-DD.jpg&quot;,&quot;id&quot;:438,&quot;size&quot;:&quot;&quot;,&quot;alt&quot;:&quot;&quot;,&quot;source&quot;:&quot;library&quot;},&quot;video_type&quot;:&quot;youtube&quot;,&quot;controls&quot;:&quot;yes&quot;}\" data-widget_type=\"video.default\">\n\t\t\t\t<div class=\"elementor-widget-container\">\n\t\t\t\t\t\t\t<div class=\"elementor-wrapper elementor-open-inline\">\n\t\t\t<div class=\"elementor-video\"><\/div>\t\t\t\t<div class=\"elementor-custom-embed-image-overlay\" style=\"background-image: url(https:\/\/realticx.com\/tr\/wp-content\/uploads\/sites\/3\/2023\/01\/Thumbnail-1-DD.jpg);\">\n\t\t\t\t\t\t\t\t\t\t\t\t\t\t\t\t<div class=\"elementor-custom-embed-play\" role=\"button\" aria-label=\"Play Video\" tabindex=\"0\">\n\t\t\t\t\t\t\t<i aria-hidden=\"true\" class=\"eicon-play\"><\/i>\t\t\t\t\t\t<\/div>\n\t\t\t\t\t\t\t\t\t<\/div>\n\t\t\t\t\t<\/div>\n\t\t\t\t\t\t<\/div>\n\t\t\t\t<\/div>\n\t\t\t\t\t<\/div>\n\t\t<\/div>\n\t\t\t\t<div class=\"elementor-column elementor-col-50 elementor-top-column elementor-element elementor-element-1e91877\" data-id=\"1e91877\" data-element_type=\"column\">\n\t\t\t<div class=\"elementor-widget-wrap elementor-element-populated\">\n\t\t\t\t\t\t<div class=\"elementor-element elementor-element-e7d8d2f elementor-widget elementor-widget-text-editor\" data-id=\"e7d8d2f\" data-element_type=\"widget\" data-widget_type=\"text-editor.default\">\n\t\t\t\t<div class=\"elementor-widget-container\">\n\t\t\t\t\t\t\t\t\t<p><span class=\"HwtZe\" lang=\"tr\"><span class=\"jCAhz ChMk0b\"><span class=\"ryNqvb\"><strong>Son \u00d6deme:<\/strong> Al\u0131c\u0131, nihai ekstrenin t\u00fcm tutar\u0131n\u0131 yat\u0131r\u0131r ve biz de sizin i\u00e7in raporu haz\u0131rlar\u0131z.<\/span><\/span> <span class=\"jCAhz ChMk0b\"><span class=\"ryNqvb\">Talebiniz do\u011frultusunda paray\u0131 hesab\u0131n\u0131za aktarabilir veya di\u011fer m\u00fclk\u00fc sat\u0131n almak i\u00e7in tahsis edebiliriz.<\/span><\/span><\/span><\/p><p><span class=\"HwtZe\" lang=\"tr\"><span class=\"jCAhz ChMk0b\"><span class=\"ryNqvb\"><strong>Vergi Belgeleri:<\/strong> ABD&#8217;de her eyalet ve \u015fehrin emlak vergisi, gelir vergisi ve sat\u0131\u015f vergisi ile ilgili kendi d\u00fczenlemeleri vard\u0131r.<\/span><\/span> <span class=\"jCAhz ChMk0b\"><span class=\"ryNqvb\">Realticx grubu size Gelir \u0130daresi Ba\u015fkanl\u0131\u011f\u0131&#8217;na g\u00f6ndermeniz i\u00e7in vergi belgesi sa\u011flar.<\/span><\/span><\/span><\/p><p><span class=\"HwtZe\" lang=\"tr\"><span class=\"jCAhz ChMk0b\"><span class=\"ryNqvb\">hizmetlerimiz hakk\u0131nda daha fazla bilgi edinmek veya \u00fccretsiz dan\u0131\u015fmanl\u0131k randevusu almak i\u00e7in <a href=\"https:\/\/realticx.com\/tr\/bize-ulasin\/\"><strong>bizimle ileti\u015fime<\/strong><\/a> ge\u00e7meniz ve sosyal medya sayfalar\u0131m\u0131z olan <a href=\"http:\/\/instagram.com\/realticx\"><strong>Instagram<\/strong><\/a>, <a href=\"https:\/\/www.facebook.com\/profile.php?id=100085938997780\"><strong>Facebook<\/strong><\/a>, <a href=\"http:\/\/twitter.com\/realticx\"><strong>Twitter<\/strong><\/a> ve <a href=\"https:\/\/www.linkedin.com\/company\/realticx-inc\/\"><strong>LinkedIn<\/strong><\/a>\u2018i ziyaret etmeniz yeterlidir.<\/span><\/span><\/span><\/p>\t\t\t\t\t\t\t\t<\/div>\n\t\t\t\t<\/div>\n\t\t\t\t\t<\/div>\n\t\t<\/div>\n\t\t\t\t\t<\/div>\n\t\t<\/section>\n\t\t\t\t<\/div>\n\t\t","protected":false},"excerpt":{"rendered":"<p>m\u00fclk\u00fcn\u00fc sat Bir\u00e7ok nedenden dolay\u0131 m\u00fclk\u00fcn\u00fcz\u00fc satmaya karar verebilirsiniz, bu nedenle bu s\u00fcre\u00e7te size yard\u0131mc\u0131 oluruz. M\u00fclk\u00fcn\u00fcz\u00fcn durumu, bir piyasa tahmin raporu, beklenen sat\u0131\u015f fiyat aral\u0131klar\u0131 ve zaman dilimleri hakk\u0131nda size baz\u0131 fikirler verecek baz\u0131 raporlar sa\u011flayaca\u011f\u0131z. Realticx grubu, ABD&#8217;de<\/p>\n","protected":false},"author":1,"featured_media":0,"parent":61,"menu_order":0,"comment_status":"closed","ping_status":"closed","template":"page-templates\/page-builder.php","meta":{"_vp_format_video_url":"","_vp_image_focal_point":[],"footnotes":""},"class_list":["post-73","page","type-page","status-publish","hentry"],"_links":{"self":[{"href":"https:\/\/realticx.com\/tr\/wp-json\/wp\/v2\/pages\/73","targetHints":{"allow":["GET"]}}],"collection":[{"href":"https:\/\/realticx.com\/tr\/wp-json\/wp\/v2\/pages"}],"about":[{"href":"https:\/\/realticx.com\/tr\/wp-json\/wp\/v2\/types\/page"}],"author":[{"embeddable":true,"href":"https:\/\/realticx.com\/tr\/wp-json\/wp\/v2\/users\/1"}],"replies":[{"embeddable":true,"href":"https:\/\/realticx.com\/tr\/wp-json\/wp\/v2\/comments?post=73"}],"version-history":[{"count":16,"href":"https:\/\/realticx.com\/tr\/wp-json\/wp\/v2\/pages\/73\/revisions"}],"predecessor-version":[{"id":492,"href":"https:\/\/realticx.com\/tr\/wp-json\/wp\/v2\/pages\/73\/revisions\/492"}],"up":[{"embeddable":true,"href":"https:\/\/realticx.com\/tr\/wp-json\/wp\/v2\/pages\/61"}],"wp:attachment":[{"href":"https:\/\/realticx.com\/tr\/wp-json\/wp\/v2\/media?parent=73"}],"curies":[{"name":"wp","href":"https:\/\/api.w.org\/{rel}","templated":true}]}}