{"id":72,"date":"2022-10-01T11:50:55","date_gmt":"2022-10-01T11:50:55","guid":{"rendered":"https:\/\/realticx.hinzaco.com\/tr\/?page_id=72"},"modified":"2023-01-16T06:29:22","modified_gmt":"2023-01-16T06:29:22","slug":"bul-ve-satin-al","status":"publish","type":"page","link":"https:\/\/realticx.com\/tr\/hizmetler\/bul-ve-satin-al\/","title":{"rendered":"B\u200cul ve Sat\u0131n al"},"content":{"rendered":"\t\t<div data-elementor-type=\"wp-page\" data-elementor-id=\"72\" class=\"elementor elementor-72\">\n\t\t\t\t\t\t<section class=\"elementor-section elementor-top-section elementor-element elementor-element-34d9c82 elementor-section-full_width elementor-section-height-default elementor-section-height-default\" data-id=\"34d9c82\" data-element_type=\"section\" data-settings=\"{&quot;background_background&quot;:&quot;classic&quot;}\">\n\t\t\t\t\t\t\t<div class=\"elementor-background-overlay\"><\/div>\n\t\t\t\t\t\t\t<div class=\"elementor-container elementor-column-gap-default\">\n\t\t\t\t\t<div class=\"elementor-column elementor-col-100 elementor-top-column elementor-element elementor-element-122862b\" data-id=\"122862b\" data-element_type=\"column\">\n\t\t\t<div class=\"elementor-widget-wrap elementor-element-populated\">\n\t\t\t\t\t\t<div class=\"elementor-element elementor-element-2dc1081 elementor-widget elementor-widget-heading\" data-id=\"2dc1081\" data-element_type=\"widget\" data-widget_type=\"heading.default\">\n\t\t\t\t<div class=\"elementor-widget-container\">\n\t\t\t\t\t<h2 class=\"elementor-heading-title elementor-size-default\">Bir M\u00fclk Bul ve Sat\u0131n Al<\/h2>\t\t\t\t<\/div>\n\t\t\t\t<\/div>\n\t\t\t\t\t<\/div>\n\t\t<\/div>\n\t\t\t\t\t<\/div>\n\t\t<\/section>\n\t\t\t\t<section class=\"elementor-section elementor-top-section elementor-element elementor-element-483bf1f elementor-section-content-top elementor-section-boxed elementor-section-height-default elementor-section-height-default\" data-id=\"483bf1f\" data-element_type=\"section\">\n\t\t\t\t\t\t<div class=\"elementor-container elementor-column-gap-default\">\n\t\t\t\t\t<div class=\"elementor-column elementor-col-50 elementor-top-column elementor-element elementor-element-a9833af\" data-id=\"a9833af\" data-element_type=\"column\">\n\t\t\t<div class=\"elementor-widget-wrap elementor-element-populated\">\n\t\t\t\t\t\t<div class=\"elementor-element elementor-element-755f232 elementor-widget elementor-widget-text-editor\" data-id=\"755f232\" data-element_type=\"widget\" data-widget_type=\"text-editor.default\">\n\t\t\t\t<div class=\"elementor-widget-container\">\n\t\t\t\t\t\t\t\t\t<p><span class=\"HwtZe\" lang=\"tr\"><span class=\"jCAhz ChMk0b\"><span class=\"ryNqvb\">Eyalet d\u0131\u015f\u0131ndan yat\u0131r\u0131mc\u0131lar, ABD&#8217;de yeni ikamet edenler ve uluslararas\u0131 al\u0131c\u0131lar, ABD&#8217;de herhangi bir eyalette m\u00fclk aramak ve sat\u0131n almak i\u00e7in baz\u0131 \u00f6zel bilgilere ihtiya\u00e7 duyabilir. ABD emlak piyasas\u0131 ve ipotek gereklilikleri, al\u0131c\u0131n\u0131n memleketindeki emlak piyasas\u0131ndan farkl\u0131 olabilir.<\/span><\/span> <span class=\"jCAhz ChMk0b\"><span class=\"ryNqvb\">Gayrimenkul yat\u0131r\u0131m\u0131, d\u00fcnyadaki \u00e7o\u011fu insan i\u00e7in en b\u00fcy\u00fck yat\u0131r\u0131md\u0131r.<\/span><\/span> <span class=\"jCAhz ChMk0b\"><span class=\"ryNqvb\">Bu nedenle, al\u0131c\u0131lar\u0131n \u015feffaf ve g\u00fcvenilir veri ve bilgilere eri\u015fmek i\u00e7in bir\u00e7ok ki\u015fiyle \u00e7al\u0131\u015fmas\u0131 gerekir.<\/span><\/span><\/span><\/p><p><span class=\"HwtZe\" lang=\"tr\"><span class=\"jCAhz ChMk0b\"><span class=\"ryNqvb\">Realticx grubu, t\u00fcm ABD eyaletlerinde gayrimenkul bulman\u0131z ve sat\u0131n alman\u0131z i\u00e7in ihtiya\u00e7 duyabilece\u011finiz t\u00fcm uzmanl\u0131\u011f\u0131 ve deneyimli insan grubunu size sa\u011flar.<\/span><\/span> <span class=\"jCAhz ChMk0b\"><span class=\"ryNqvb\">Ayr\u0131ca, uluslararas\u0131 bir al\u0131c\u0131ysan\u0131z ve uzmanl\u0131\u011f\u0131m\u0131zla kendi dilinizde ileti\u015fim kurmak istiyorsan\u0131z, Realticx grubu, dil tercihlerinize g\u00f6re her kategoride size uzmanl\u0131k atayacakt\u0131r.<\/span><\/span><\/span><\/p><p><span class=\"HwtZe\" lang=\"tr\"><span class=\"jCAhz ChMk0b\"><span class=\"ryNqvb\">A\u015fa\u011f\u0131da, bulma ve sat\u0131n alma s\u00fcreci hakk\u0131nda daha ayr\u0131nt\u0131l\u0131 bilgiler a\u00e7\u0131klanmaktad\u0131r.<\/span><\/span><\/span><span class=\"HwtZe\" lang=\"tr\"><span class=\"jCAhz ChMk0b\"><span class=\"ryNqvb\">Bu arada, hizmetlerimiz hakk\u0131nda daha fazla bilgi edinmek veya \u00fccretsiz dan\u0131\u015fmanl\u0131k randevusu almak i\u00e7in <a href=\"https:\/\/realticx.com\/tr\/bize-ulasin\/\"><strong>bizimle ileti\u015fime<\/strong><\/a> ge\u00e7meniz ve sosyal medya sayfalar\u0131m\u0131z olan <a href=\"http:\/\/instagram.com\/realticx\"><strong>Instagram<\/strong><\/a>, <a href=\"https:\/\/www.facebook.com\/profile.php?id=100085938997780\"><strong>Facebook<\/strong><\/a>, <a href=\"http:\/\/twitter.com\/realticx\"><strong>Twitter<\/strong><\/a> ve <a href=\"https:\/\/www.linkedin.com\/company\/realticx-inc\/\"><strong>LinkedIn<\/strong><\/a>&#8216;i ziyaret etmeniz yeterlidir.<\/span><\/span><\/span><\/p>\t\t\t\t\t\t\t\t<\/div>\n\t\t\t\t<\/div>\n\t\t\t\t\t<\/div>\n\t\t<\/div>\n\t\t\t\t<div class=\"elementor-column elementor-col-50 elementor-top-column elementor-element elementor-element-4f15152\" data-id=\"4f15152\" data-element_type=\"column\">\n\t\t\t<div class=\"elementor-widget-wrap elementor-element-populated\">\n\t\t\t\t\t\t<div class=\"elementor-element elementor-element-ccdcfde max-300 elementor-widget elementor-widget-image\" data-id=\"ccdcfde\" data-element_type=\"widget\" data-widget_type=\"image.default\">\n\t\t\t\t<div class=\"elementor-widget-container\">\n\t\t\t\t\t\t\t\t\t\t\t\t\t\t\t<img fetchpriority=\"high\" decoding=\"async\" width=\"640\" height=\"480\" src=\"https:\/\/realticx.com\/tr\/wp-content\/uploads\/sites\/3\/2023\/01\/1.jpg\" class=\"attachment-large size-large wp-image-418\" alt=\"\" srcset=\"https:\/\/realticx.com\/tr\/wp-content\/uploads\/sites\/3\/2023\/01\/1.jpg 640w, https:\/\/realticx.com\/tr\/wp-content\/uploads\/sites\/3\/2023\/01\/1-300x225.jpg 300w, https:\/\/realticx.com\/tr\/wp-content\/uploads\/sites\/3\/2023\/01\/1-500x375.jpg 500w\" sizes=\"(max-width: 640px) 100vw, 640px\" \/>\t\t\t\t\t\t\t\t\t\t\t\t\t\t\t<\/div>\n\t\t\t\t<\/div>\n\t\t\t\t\t<\/div>\n\t\t<\/div>\n\t\t\t\t\t<\/div>\n\t\t<\/section>\n\t\t\t\t<section class=\"elementor-section elementor-top-section elementor-element elementor-element-6fdab9e elementor-section-boxed elementor-section-height-default elementor-section-height-default\" data-id=\"6fdab9e\" data-element_type=\"section\">\n\t\t\t\t\t\t<div class=\"elementor-container elementor-column-gap-default\">\n\t\t\t\t\t<div class=\"elementor-column elementor-col-100 elementor-top-column elementor-element elementor-element-b331731\" data-id=\"b331731\" data-element_type=\"column\">\n\t\t\t<div class=\"elementor-widget-wrap elementor-element-populated\">\n\t\t\t\t\t\t<div class=\"elementor-element elementor-element-dae8bc0 gallery-spacing-custom elementor-widget elementor-widget-image-gallery\" data-id=\"dae8bc0\" data-element_type=\"widget\" data-widget_type=\"image-gallery.default\">\n\t\t\t\t<div class=\"elementor-widget-container\">\n\t\t\t\t\t\t\t<div class=\"elementor-image-gallery\">\n\t\t\t<div id='gallery-1' class='gallery galleryid-72 gallery-columns-4 gallery-size-featured'><figure class='gallery-item'>\n\t\t\t<div class='gallery-icon landscape'>\n\t\t\t\t<a data-elementor-open-lightbox=\"yes\" data-elementor-lightbox-slideshow=\"dae8bc0\" data-elementor-lightbox-title=\"Presentation-1_009\" data-e-action-hash=\"#elementor-action%3Aaction%3Dlightbox%26settings%3DeyJpZCI6NDIzLCJ1cmwiOiJodHRwczpcL1wvcmVhbHRpY3guY29tXC90clwvd3AtY29udGVudFwvdXBsb2Fkc1wvc2l0ZXNcLzNcLzIwMjNcLzAxXC9QcmVzZW50YXRpb24tMV8wMDkucG5nIiwic2xpZGVzaG93IjoiZGFlOGJjMCJ9\" href='https:\/\/realticx.com\/tr\/wp-content\/uploads\/sites\/3\/2023\/01\/Presentation-1_009.png'><img decoding=\"async\" width=\"642\" height=\"300\" src=\"https:\/\/realticx.com\/tr\/wp-content\/uploads\/sites\/3\/2023\/01\/Presentation-1_009-642x300.png\" class=\"attachment-featured size-featured\" alt=\"\" \/><\/a>\n\t\t\t<\/div><\/figure><figure class='gallery-item'>\n\t\t\t<div class='gallery-icon landscape'>\n\t\t\t\t<a data-elementor-open-lightbox=\"yes\" data-elementor-lightbox-slideshow=\"dae8bc0\" data-elementor-lightbox-title=\"Presentation-1_010\" data-e-action-hash=\"#elementor-action%3Aaction%3Dlightbox%26settings%3DeyJpZCI6NDI0LCJ1cmwiOiJodHRwczpcL1wvcmVhbHRpY3guY29tXC90clwvd3AtY29udGVudFwvdXBsb2Fkc1wvc2l0ZXNcLzNcLzIwMjNcLzAxXC9QcmVzZW50YXRpb24tMV8wMTAucG5nIiwic2xpZGVzaG93IjoiZGFlOGJjMCJ9\" href='https:\/\/realticx.com\/tr\/wp-content\/uploads\/sites\/3\/2023\/01\/Presentation-1_010.png'><img decoding=\"async\" width=\"642\" height=\"300\" src=\"https:\/\/realticx.com\/tr\/wp-content\/uploads\/sites\/3\/2023\/01\/Presentation-1_010-642x300.png\" class=\"attachment-featured size-featured\" alt=\"\" \/><\/a>\n\t\t\t<\/div><\/figure><figure class='gallery-item'>\n\t\t\t<div class='gallery-icon landscape'>\n\t\t\t\t<a data-elementor-open-lightbox=\"yes\" data-elementor-lightbox-slideshow=\"dae8bc0\" data-elementor-lightbox-title=\"Presentation-1_011\" data-e-action-hash=\"#elementor-action%3Aaction%3Dlightbox%26settings%3DeyJpZCI6NDI1LCJ1cmwiOiJodHRwczpcL1wvcmVhbHRpY3guY29tXC90clwvd3AtY29udGVudFwvdXBsb2Fkc1wvc2l0ZXNcLzNcLzIwMjNcLzAxXC9QcmVzZW50YXRpb24tMV8wMTEucG5nIiwic2xpZGVzaG93IjoiZGFlOGJjMCJ9\" href='https:\/\/realticx.com\/tr\/wp-content\/uploads\/sites\/3\/2023\/01\/Presentation-1_011.png'><img loading=\"lazy\" decoding=\"async\" width=\"642\" height=\"300\" src=\"https:\/\/realticx.com\/tr\/wp-content\/uploads\/sites\/3\/2023\/01\/Presentation-1_011-642x300.png\" class=\"attachment-featured size-featured\" alt=\"\" \/><\/a>\n\t\t\t<\/div><\/figure><figure class='gallery-item'>\n\t\t\t<div class='gallery-icon landscape'>\n\t\t\t\t<a data-elementor-open-lightbox=\"yes\" data-elementor-lightbox-slideshow=\"dae8bc0\" data-elementor-lightbox-title=\"Presentation-1_012\" data-e-action-hash=\"#elementor-action%3Aaction%3Dlightbox%26settings%3DeyJpZCI6NDI2LCJ1cmwiOiJodHRwczpcL1wvcmVhbHRpY3guY29tXC90clwvd3AtY29udGVudFwvdXBsb2Fkc1wvc2l0ZXNcLzNcLzIwMjNcLzAxXC9QcmVzZW50YXRpb24tMV8wMTIucG5nIiwic2xpZGVzaG93IjoiZGFlOGJjMCJ9\" href='https:\/\/realticx.com\/tr\/wp-content\/uploads\/sites\/3\/2023\/01\/Presentation-1_012.png'><img loading=\"lazy\" decoding=\"async\" width=\"642\" height=\"300\" src=\"https:\/\/realticx.com\/tr\/wp-content\/uploads\/sites\/3\/2023\/01\/Presentation-1_012-642x300.png\" class=\"attachment-featured size-featured\" alt=\"\" \/><\/a>\n\t\t\t<\/div><\/figure>\n\t\t<\/div>\n\t\t<\/div>\n\t\t\t\t\t\t<\/div>\n\t\t\t\t<\/div>\n\t\t\t\t\t<\/div>\n\t\t<\/div>\n\t\t\t\t\t<\/div>\n\t\t<\/section>\n\t\t\t\t<section class=\"elementor-section elementor-top-section elementor-element elementor-element-7044602 elementor-section-content-top elementor-section-boxed elementor-section-height-default elementor-section-height-default\" data-id=\"7044602\" data-element_type=\"section\">\n\t\t\t\t\t\t<div class=\"elementor-container elementor-column-gap-default\">\n\t\t\t\t\t<div class=\"elementor-column elementor-col-100 elementor-top-column elementor-element elementor-element-ae0ea6c\" data-id=\"ae0ea6c\" data-element_type=\"column\">\n\t\t\t<div class=\"elementor-widget-wrap elementor-element-populated\">\n\t\t\t\t\t\t<div class=\"elementor-element elementor-element-761a4b5 elementor-widget elementor-widget-text-editor\" data-id=\"761a4b5\" data-element_type=\"widget\" data-widget_type=\"text-editor.default\">\n\t\t\t\t<div class=\"elementor-widget-container\">\n\t\t\t\t\t\t\t\t\t<p><span class=\"HwtZe\" lang=\"tr\"><span class=\"jCAhz ChMk0b\"><span class=\"ryNqvb\"><strong>Emlak Dan\u0131\u015fman\u0131:<\/strong> Al\u0131c\u0131lar, yat\u0131r\u0131mlar\u0131 i\u00e7in hedeflerini, yakla\u015f\u0131mlar\u0131n\u0131 ve zaman dilimlerini tan\u0131mlam\u0131\u015f ve belirlemi\u015f olmal\u0131d\u0131r.<\/span><\/span> <span class=\"jCAhz ChMk0b\"><span class=\"ryNqvb\">Emlak dan\u0131\u015fman\u0131, kriterlerinize g\u00f6re konumlar ve mevcut se\u00e7enekler hakk\u0131nda size fikir verir.<\/span><\/span> <span class=\"jCAhz ChMk0b\"><span class=\"ryNqvb\">Ard\u0131ndan, b\u00fct\u00e7enizi, eyaletinizi, \u015fehrinizi, gayrimenkul t\u00fcrlerini (arsa, konut, ticari) ve yat\u0131r\u0131m t\u00fcrlerini (k\u0131sa s\u00fcreli kiralama, uzun s\u00fcreli kiralama, in\u015faat projesi ve iyile\u015ftirme projesi) belirli kriterlerinize g\u00f6re kesinle\u015ftireceksiniz.<\/span><\/span><\/span><\/p><p><span class=\"HwtZe\" lang=\"tr\"><span class=\"jCAhz ChMk0b\"><span class=\"ryNqvb\"><strong>Al\u0131c\u0131n\u0131n temsilcisi:<\/strong> Kriterlerinize g\u00f6re mevcut emlak se\u00e7enekleri konusunda size yard\u0131mc\u0131 olacak yetkili bir lisansl\u0131 emlak\u00e7\u0131ya ihtiyac\u0131n\u0131z var.<\/span><\/span> <span class=\"jCAhz ChMk0b\"><span class=\"ryNqvb\">Al\u0131c\u0131 vekalet \u00fccreti sat\u0131c\u0131 taraf\u0131ndan \u00f6denecek olup, emlak\u00e7\u0131n\u0131z ile ilgili kesinlikle herhangi bir \u00fccret \u00f6demezsiniz.<\/span><\/span> <span class=\"jCAhz ChMk0b\"><span class=\"ryNqvb\">Realticx grubu, tercihlerinize ba\u011fl\u0131 olarak s\u00fcre\u00e7te size yard\u0131mc\u0131 olmas\u0131 i\u00e7in size bir emlak\u00e7\u0131 atar.<\/span><\/span><\/span><\/p><p><span class=\"HwtZe\" lang=\"tr\"><span class=\"jCAhz ChMk0b\"><span class=\"ryNqvb\"><strong>Vergi dan\u0131\u015fman\u0131:<\/strong> M\u00fclk\u00fcn\u00fcz \u00fczerinden gelir elde edebilirsiniz ve her eyaletin eyalet d\u0131\u015f\u0131\/yabanc\u0131 geliriyle ilgili kendi vergi d\u00fczenlemeleri vard\u0131r.<\/span><\/span> <span class=\"jCAhz ChMk0b\"><span class=\"ryNqvb\">Realticx, m\u00fclk\u00fcn\u00fcz i\u00e7in size bir gelir vergisi belgesi haz\u0131rlad\u0131.<\/span><\/span><\/span><\/p><p><span class=\"HwtZe\" lang=\"tr\"><span class=\"jCAhz ChMk0b\"><span class=\"ryNqvb\"><strong>Kay\u0131tl\u0131 \u015eirket:<\/strong> M\u00fclk\u00fcn\u00fcz\u00fc kendi ad\u0131n\u0131z, Limited Liability Company, S \u015firketi ve C \u015firketi alt\u0131nda sat\u0131n alabilirsiniz.<\/span><\/span> <span class=\"jCAhz ChMk0b\"><span class=\"ryNqvb\">Herhangi bir eyalette kendi \u015firketinizi kaydettirmeye karar verdiyseniz ve m\u00fclk\u00fcn\u00fcz\u00fc \u015firketinizin ad\u0131 alt\u0131na koyduysan\u0131z, Realticx grubu belgelerinizi haz\u0131rlayacak ve eyalet d\u0131\u015f\u0131 ve uluslararas\u0131 al\u0131c\u0131lar i\u00e7in herhangi bir eyalette \u015firketi sizin i\u00e7in kaydettirecektir.<\/span><\/span><\/span><\/p><p><span class=\"HwtZe\" lang=\"tr\"><span class=\"jCAhz ChMk0b\"><span class=\"ryNqvb\"><strong>Banka Hesab\u0131:<\/strong> \u0130\u015fleminiz i\u00e7in bir banka hesab\u0131n\u0131z\u0131n olmas\u0131 gerekebilir, bu nedenle sizin veya \u015firketiniz i\u00e7in bir banka hesab\u0131 olu\u015fturaca\u011f\u0131z.<\/span><\/span><\/span><\/p><p><span class=\"HwtZe\" lang=\"tr\"><span class=\"jCAhz ChMk0b\"><span class=\"ryNqvb\"><strong>Teklif verin:<\/strong> Evraklar\u0131n\u0131z haz\u0131r, diledi\u011finiz gayrimenkul i\u00e7in teklif yazabilirsiniz.<\/span><\/span> <span class=\"jCAhz ChMk0b\"><span class=\"ryNqvb\">Atanan temsilciniz teklifinizi sunacakt\u0131r.<\/span><\/span> <span class=\"jCAhz ChMk0b\"><span class=\"ryNqvb\">Teklifiniz i\u00e7in m\u00fcmk\u00fcn olacak \u00fc\u00e7 senaryo vard\u0131r.<\/span><\/span> <span class=\"jCAhz ChMk0b\"><span class=\"ryNqvb\">A) Teklifiniz kabul edilir, B) Teklifiniz sat\u0131c\u0131dan kar\u015f\u0131 teklif al\u0131r, C) Teklifiniz reddedilir.<\/span><\/span> <span class=\"jCAhz ChMk0b\"><span class=\"ryNqvb\">Emlak\u00e7\u0131n\u0131z t\u00fcm s\u00fcre\u00e7 boyunca yan\u0131n\u0131zda olacakt\u0131r ve her senaryo i\u00e7in emlak\u00e7\u0131n\u0131z\u0131n tavsiyesine sahipsiniz.<\/span><\/span><\/span><\/p><p><span class=\"HwtZe\" lang=\"tr\"><span class=\"jCAhz ChMk0b\"><span class=\"ryNqvb\"><strong>\u0130lk Depozito:<\/strong> Al\u0131c\u0131n\u0131n yeni m\u00fclk\u00fc sat\u0131n alma konusundaki iyi niyetini g\u00f6stermek i\u00e7in avukat\u0131n\/emanet \u015firketinin hesab\u0131na yat\u0131r\u0131lan para.<\/span><\/span> <span class=\"jCAhz ChMk0b\"><span class=\"ryNqvb\">Anla\u015fma hi\u00e7bir durumda kesinle\u015fmezse bu para iade edilecektir.<\/span><\/span><\/span><\/p><p><span class=\"HwtZe\" lang=\"tr\"><span class=\"jCAhz ChMk0b\"><span class=\"ryNqvb\"><strong>Muayene Raporu:<\/strong> Muayene raporu, durum tespiti s\u00fcreniz boyunca yetkili bir m\u00fcfetti\u015f taraf\u0131ndan yap\u0131l\u0131r, b\u00f6ylece m\u00fclk durum raporuna eri\u015febilirsiniz.<\/span><\/span> <span class=\"jCAhz ChMk0b\"><span class=\"ryNqvb\">Rapor, m\u00fclk\u00fcn durumunu g\u00f6sterir.<\/span><\/span><\/span><\/p><p><strong><span class=\"HwtZe\" lang=\"tr\"><span class=\"jCAhz ChMk0b\"><span class=\"ryNqvb\">Ekspertiz Raporu: <\/span><\/span><\/span><\/strong><span class=\"HwtZe\" lang=\"tr\"><span class=\"jCAhz ChMk0b\"><span class=\"ryNqvb\">Al\u0131c\u0131 gayrimenkul i\u00e7in \u00f6denecek bedel konusunda emin olmal\u0131d\u0131r.<\/span><\/span><\/span><span class=\"HwtZe\" lang=\"tr\"> <span class=\"jCAhz ChMk0b\"><span class=\"ryNqvb\">Lisansl\u0131 de\u011ferleme acentesi, piyasa ko\u015fullar\u0131na, daha \u00f6nce sat\u0131lan m\u00fclklere ve piyasadaki mevcut m\u00fclklere dayal\u0131 olarak m\u00fclk\u00fcn ger\u00e7e\u011fe uygun de\u011ferini g\u00f6steren de\u011ferleme raporunu sa\u011flayacakt\u0131r.<\/span><\/span><\/span><\/p>\t\t\t\t\t\t\t\t<\/div>\n\t\t\t\t<\/div>\n\t\t\t\t\t<\/div>\n\t\t<\/div>\n\t\t\t\t\t<\/div>\n\t\t<\/section>\n\t\t\t\t<section class=\"elementor-section elementor-top-section elementor-element elementor-element-4e629e1 elementor-section-content-top elementor-section-boxed elementor-section-height-default elementor-section-height-default\" data-id=\"4e629e1\" data-element_type=\"section\">\n\t\t\t\t\t\t<div class=\"elementor-container elementor-column-gap-default\">\n\t\t\t\t\t<div class=\"elementor-column elementor-col-50 elementor-top-column elementor-element elementor-element-20dc6ab\" data-id=\"20dc6ab\" data-element_type=\"column\">\n\t\t\t<div class=\"elementor-widget-wrap elementor-element-populated\">\n\t\t\t\t\t\t<div class=\"elementor-element elementor-element-83110dd elementor-widget elementor-widget-video\" data-id=\"83110dd\" data-element_type=\"widget\" data-settings=\"{&quot;youtube_url&quot;:&quot;https:\\\/\\\/youtu.be\\\/6qmsgd75fsY&quot;,&quot;lazy_load&quot;:&quot;yes&quot;,&quot;show_image_overlay&quot;:&quot;yes&quot;,&quot;image_overlay&quot;:{&quot;url&quot;:&quot;https:\\\/\\\/realticx.com\\\/tr\\\/wp-content\\\/uploads\\\/sites\\\/3\\\/2023\\\/01\\\/Thumbnail-1-DD.jpg&quot;,&quot;id&quot;:438,&quot;size&quot;:&quot;&quot;,&quot;alt&quot;:&quot;&quot;,&quot;source&quot;:&quot;library&quot;},&quot;video_type&quot;:&quot;youtube&quot;,&quot;controls&quot;:&quot;yes&quot;}\" data-widget_type=\"video.default\">\n\t\t\t\t<div class=\"elementor-widget-container\">\n\t\t\t\t\t\t\t<div class=\"elementor-wrapper elementor-open-inline\">\n\t\t\t<div class=\"elementor-video\"><\/div>\t\t\t\t<div class=\"elementor-custom-embed-image-overlay\" style=\"background-image: url(https:\/\/realticx.com\/tr\/wp-content\/uploads\/sites\/3\/2023\/01\/Thumbnail-1-DD.jpg);\">\n\t\t\t\t\t\t\t\t\t\t\t\t\t\t\t\t<div class=\"elementor-custom-embed-play\" role=\"button\" aria-label=\"Play Video\" tabindex=\"0\">\n\t\t\t\t\t\t\t<i aria-hidden=\"true\" class=\"eicon-play\"><\/i>\t\t\t\t\t\t<\/div>\n\t\t\t\t\t\t\t\t\t<\/div>\n\t\t\t\t\t<\/div>\n\t\t\t\t\t\t<\/div>\n\t\t\t\t<\/div>\n\t\t\t\t\t<\/div>\n\t\t<\/div>\n\t\t\t\t<div class=\"elementor-column elementor-col-50 elementor-top-column elementor-element elementor-element-1e91877\" data-id=\"1e91877\" data-element_type=\"column\">\n\t\t\t<div class=\"elementor-widget-wrap elementor-element-populated\">\n\t\t\t\t\t\t<div class=\"elementor-element elementor-element-e7d8d2f elementor-widget elementor-widget-text-editor\" data-id=\"e7d8d2f\" data-element_type=\"widget\" data-widget_type=\"text-editor.default\">\n\t\t\t\t<div class=\"elementor-widget-container\">\n\t\t\t\t\t\t\t\t\t<p><span class=\"HwtZe\" lang=\"tr\"><span class=\"jCAhz ChMk0b\"><span class=\"ryNqvb\"><strong>Tapu Raporu:<\/strong> Tapu raporu, hak sahibinden her \u015feyi, hacizlerin ayr\u0131nt\u0131lar\u0131n\u0131, tecav\u00fczleri, irtifak haklar\u0131n\u0131 ve m\u00fclk\u00fcn m\u00fclkiyetiyle ilgili ke\u015ffedilen olas\u0131 sorunlar\u0131 g\u00f6steren yasal belgedir.<\/span><\/span><\/span><\/p><p><span class=\"HwtZe\" lang=\"tr\"><span class=\"jCAhz ChMk0b\"><span class=\"ryNqvb\"><strong>M\u00fclk Sigortas\u0131:<\/strong> Bir m\u00fclk sigortas\u0131na sahip olmak, yang\u0131n, duman, r\u00fczgar, dolu, kas\u0131rga ve daha fazlas\u0131n\u0131n neden oldu\u011fu beklenmedik bir \u015fey olursa, m\u00fclk hasarlar\u0131ndan kaynaklanan b\u00fcy\u00fck mali kay\u0131plara kar\u015f\u0131 kendinizi koruman\u0131za yard\u0131mc\u0131 olur.<\/span><\/span><\/span><\/p><p><span class=\"HwtZe\" lang=\"tr\"><span class=\"jCAhz ChMk0b\"><span class=\"ryNqvb\"><strong>Para Transferi:<\/strong> Al\u0131c\u0131, emanet \u015firketinden, onlar i\u015flemi kaydedene ve siz resmi sahibini alana kadar paray\u0131 g\u00fcvenilir hesaba yat\u0131rmas\u0131 i\u00e7in son bir a\u00e7\u0131klama al\u0131r.<\/span><\/span> <span class=\"jCAhz ChMk0b\"><span class=\"ryNqvb\">Ard\u0131ndan, sat\u0131c\u0131 i\u00e7in paray\u0131 serbest b\u0131rakacaklard\u0131.<\/span><\/span><\/span><\/p><p><span class=\"HwtZe\" lang=\"tr\"><span class=\"jCAhz ChMk0b\"><span class=\"ryNqvb\">Art\u0131k bir sahibisiniz.<\/span><\/span> <span class=\"jCAhz ChMk0b\"><span class=\"ryNqvb\">Tebrikler!<\/span><\/span> <span class=\"jCAhz ChMk0b\"><span class=\"ryNqvb\">.<\/span><\/span> <a href=\"https:\/\/realticx.com\/contact\/#consultation\"><strong><span class=\"jCAhz ChMk0b\"><span class=\"ryNqvb\">\u00dccretsiz dan\u0131\u015fma randevusu i\u00e7in ba\u015fvurun<\/span><\/span><\/strong><\/a><\/span><\/p>\t\t\t\t\t\t\t\t<\/div>\n\t\t\t\t<\/div>\n\t\t\t\t\t<\/div>\n\t\t<\/div>\n\t\t\t\t\t<\/div>\n\t\t<\/section>\n\t\t\t\t<\/div>\n\t\t","protected":false},"excerpt":{"rendered":"<p>Bir M\u00fclk Bul ve Sat\u0131n Al Eyalet d\u0131\u015f\u0131ndan yat\u0131r\u0131mc\u0131lar, ABD&#8217;de yeni ikamet edenler ve uluslararas\u0131 al\u0131c\u0131lar, ABD&#8217;de herhangi bir eyalette m\u00fclk aramak ve sat\u0131n almak i\u00e7in baz\u0131 \u00f6zel bilgilere ihtiya\u00e7 duyabilir. ABD emlak piyasas\u0131 ve ipotek gereklilikleri, al\u0131c\u0131n\u0131n memleketindeki emlak<\/p>\n","protected":false},"author":1,"featured_media":0,"parent":61,"menu_order":0,"comment_status":"closed","ping_status":"closed","template":"page-templates\/page-builder.php","meta":{"_vp_format_video_url":"","_vp_image_focal_point":[],"footnotes":""},"class_list":["post-72","page","type-page","status-publish","hentry"],"_links":{"self":[{"href":"https:\/\/realticx.com\/tr\/wp-json\/wp\/v2\/pages\/72","targetHints":{"allow":["GET"]}}],"collection":[{"href":"https:\/\/realticx.com\/tr\/wp-json\/wp\/v2\/pages"}],"about":[{"href":"https:\/\/realticx.com\/tr\/wp-json\/wp\/v2\/types\/page"}],"author":[{"embeddable":true,"href":"https:\/\/realticx.com\/tr\/wp-json\/wp\/v2\/users\/1"}],"replies":[{"embeddable":true,"href":"https:\/\/realticx.com\/tr\/wp-json\/wp\/v2\/comments?post=72"}],"version-history":[{"count":25,"href":"https:\/\/realticx.com\/tr\/wp-json\/wp\/v2\/pages\/72\/revisions"}],"predecessor-version":[{"id":448,"href":"https:\/\/realticx.com\/tr\/wp-json\/wp\/v2\/pages\/72\/revisions\/448"}],"up":[{"embeddable":true,"href":"https:\/\/realticx.com\/tr\/wp-json\/wp\/v2\/pages\/61"}],"wp:attachment":[{"href":"https:\/\/realticx.com\/tr\/wp-json\/wp\/v2\/media?parent=72"}],"curies":[{"name":"wp","href":"https:\/\/api.w.org\/{rel}","templated":true}]}}