{"id":61,"date":"2022-10-01T11:39:25","date_gmt":"2022-10-01T11:39:25","guid":{"rendered":"https:\/\/realticx.hinzaco.com\/tr\/?page_id=61"},"modified":"2023-01-16T06:38:39","modified_gmt":"2023-01-16T06:38:39","slug":"hizmetler","status":"publish","type":"page","link":"https:\/\/realticx.com\/tr\/hizmetler\/","title":{"rendered":"Hizmetler"},"content":{"rendered":"\t\t<div data-elementor-type=\"wp-page\" data-elementor-id=\"61\" class=\"elementor elementor-61\">\n\t\t\t\t\t\t<section class=\"elementor-section elementor-top-section elementor-element elementor-element-34d9c82 elementor-section-full_width elementor-section-height-default elementor-section-height-default\" data-id=\"34d9c82\" data-element_type=\"section\" data-settings=\"{&quot;background_background&quot;:&quot;classic&quot;}\">\n\t\t\t\t\t\t\t<div class=\"elementor-background-overlay\"><\/div>\n\t\t\t\t\t\t\t<div class=\"elementor-container elementor-column-gap-default\">\n\t\t\t\t\t<div class=\"elementor-column elementor-col-100 elementor-top-column elementor-element elementor-element-122862b\" data-id=\"122862b\" data-element_type=\"column\">\n\t\t\t<div class=\"elementor-widget-wrap elementor-element-populated\">\n\t\t\t\t\t\t<div class=\"elementor-element elementor-element-2dc1081 elementor-widget elementor-widget-heading\" data-id=\"2dc1081\" data-element_type=\"widget\" data-widget_type=\"heading.default\">\n\t\t\t\t<div class=\"elementor-widget-container\">\n\t\t\t\t\t<h2 class=\"elementor-heading-title elementor-size-default\">ABD Gayrimenkul\u00fcne Yat\u0131r\u0131m \u0130\u00e7in Hizmetlerimiz<\/h2>\t\t\t\t<\/div>\n\t\t\t\t<\/div>\n\t\t\t\t\t<\/div>\n\t\t<\/div>\n\t\t\t\t\t<\/div>\n\t\t<\/section>\n\t\t\t\t<section class=\"elementor-section elementor-top-section elementor-element elementor-element-483bf1f elementor-section-content-top elementor-section-boxed elementor-section-height-default elementor-section-height-default\" data-id=\"483bf1f\" data-element_type=\"section\">\n\t\t\t\t\t\t<div class=\"elementor-container elementor-column-gap-default\">\n\t\t\t\t\t<div class=\"elementor-column elementor-col-50 elementor-top-column elementor-element elementor-element-a9833af\" data-id=\"a9833af\" data-element_type=\"column\">\n\t\t\t<div class=\"elementor-widget-wrap elementor-element-populated\">\n\t\t\t\t\t\t<div class=\"elementor-element elementor-element-755f232 elementor-widget elementor-widget-text-editor\" data-id=\"755f232\" data-element_type=\"widget\" data-widget_type=\"text-editor.default\">\n\t\t\t\t<div class=\"elementor-widget-container\">\n\t\t\t\t\t\t\t\t\t<p><span class=\"HwtZe\" lang=\"tr\"><span class=\"jCAhz ChMk0b\"><span class=\"ryNqvb\">Yerel ve uluslararas\u0131 yat\u0131r\u0131mc\u0131lar i\u00e7in d\u00fcnyan\u0131n \u00f6nde gelen gayrimenkul yat\u0131r\u0131m pazar\u0131n\u0131 olu\u015fturduk.<\/span><\/span> <span class=\"jCAhz ChMk0b\"><span class=\"ryNqvb\">Gayrimenkul yat\u0131r\u0131m\u0131 sahipli\u011fini d\u00fcnyadaki herkes i\u00e7in basit, kolay, eri\u015filebilir ve uygun maliyetli hale getiriyoruz.<\/span><\/span> <span class=\"jCAhz ChMk0b\"><span class=\"ryNqvb\">ABD i\u00e7indeki ve d\u0131\u015f\u0131ndaki her gayrimenkul yat\u0131r\u0131mc\u0131s\u0131 i\u00e7in eksiksiz ve \u015feffaf bir paket sa\u011flamay\u0131 taahh\u00fct eden ilk \u00e7evrimi\u00e7i platformuz.<\/span><\/span><\/span><\/p><p><span class=\"HwtZe\" lang=\"tr\"><span class=\"jCAhz ChMk0b\"><span class=\"ryNqvb\">Realticx, t\u00fcm yat\u0131r\u0131mc\u0131lar\u0131n ABD&#8217;de d\u00fcnyan\u0131n herhangi bir yerinden herhangi bir zamanda ger\u00e7ek yat\u0131r\u0131m yapmas\u0131na yard\u0131mc\u0131 olur.<\/span><\/span> <span class=\"jCAhz ChMk0b\"><span class=\"ryNqvb\">Yat\u0131r\u0131m deneyimimizi ve veri bilimimizi yerel ve uluslararas\u0131 herhangi bir yat\u0131r\u0131mc\u0131 i\u00e7in her t\u00fcrl\u00fc gayrimenkul\u00fc aramak, bulmak, sat\u0131n almak, y\u00f6netmek ve satmak i\u00e7in kullan\u0131yoruz.<\/span><\/span><\/span><\/p><p><span class=\"HwtZe\" lang=\"tr\"><span class=\"jCAhz ChMk0b\"><span class=\"ryNqvb\">Realticx, uyru\u011fu ne olursa olsun d\u00fcnyadaki t\u00fcm insanlar\u0131n ABD&#8217;de arzu ettikleri m\u00fclk\u00fc edinmelerine yard\u0131mc\u0131 olur. Biz ABD&#8217;de m\u00fclk bulma, sat\u0131n alma, y\u00f6netme ve satma konusunda uzman\u0131z.<\/span><\/span><\/span><\/p><p><span class=\"HwtZe\" lang=\"tr\"><span class=\"jCAhz ChMk0b\"><span class=\"ryNqvb\">Hizmetlerimiz hakk\u0131nda daha fazla bilgi edinmek veya \u00fccretsiz dan\u0131\u015fmanl\u0131k randevusu almak i\u00e7in bizimle <strong><a href=\"https:\/\/realticx.com\/tr\/bize-ulasin\/\">ileti\u015fime<\/a><\/strong> ge\u00e7meniz veya sosyal medya sayfalar\u0131m\u0131z\u0131 ziyaret etmeniz yeterlidir.<\/span><\/span><\/span><\/p>\t\t\t\t\t\t\t\t<\/div>\n\t\t\t\t<\/div>\n\t\t\t\t\t<\/div>\n\t\t<\/div>\n\t\t\t\t<div class=\"elementor-column elementor-col-50 elementor-top-column elementor-element elementor-element-4f15152\" data-id=\"4f15152\" data-element_type=\"column\">\n\t\t\t<div class=\"elementor-widget-wrap elementor-element-populated\">\n\t\t\t\t\t\t<div class=\"elementor-element elementor-element-ccdcfde max-300 elementor-widget elementor-widget-image\" data-id=\"ccdcfde\" data-element_type=\"widget\" data-widget_type=\"image.default\">\n\t\t\t\t<div class=\"elementor-widget-container\">\n\t\t\t\t\t\t\t\t\t\t\t\t\t\t\t<img fetchpriority=\"high\" decoding=\"async\" width=\"750\" height=\"563\" src=\"https:\/\/realticx.com\/tr\/wp-content\/uploads\/sites\/3\/2023\/01\/Service-1-1024x768.jpg\" class=\"attachment-large size-large wp-image-382\" alt=\"\" srcset=\"https:\/\/realticx.com\/tr\/wp-content\/uploads\/sites\/3\/2023\/01\/Service-1-1024x768.jpg 1024w, https:\/\/realticx.com\/tr\/wp-content\/uploads\/sites\/3\/2023\/01\/Service-1-300x225.jpg 300w, https:\/\/realticx.com\/tr\/wp-content\/uploads\/sites\/3\/2023\/01\/Service-1-768x576.jpg 768w, https:\/\/realticx.com\/tr\/wp-content\/uploads\/sites\/3\/2023\/01\/Service-1-500x375.jpg 500w, https:\/\/realticx.com\/tr\/wp-content\/uploads\/sites\/3\/2023\/01\/Service-1-800x600.jpg 800w, https:\/\/realticx.com\/tr\/wp-content\/uploads\/sites\/3\/2023\/01\/Service-1.jpg 1080w\" sizes=\"(max-width: 750px) 100vw, 750px\" \/>\t\t\t\t\t\t\t\t\t\t\t\t\t\t\t<\/div>\n\t\t\t\t<\/div>\n\t\t\t\t\t<\/div>\n\t\t<\/div>\n\t\t\t\t\t<\/div>\n\t\t<\/section>\n\t\t\t\t<section class=\"elementor-section elementor-top-section elementor-element elementor-element-6fdab9e elementor-section-boxed elementor-section-height-default elementor-section-height-default\" data-id=\"6fdab9e\" data-element_type=\"section\">\n\t\t\t\t\t\t<div class=\"elementor-container elementor-column-gap-default\">\n\t\t\t\t\t<div class=\"elementor-column elementor-col-100 elementor-top-column elementor-element elementor-element-b331731\" data-id=\"b331731\" data-element_type=\"column\">\n\t\t\t<div class=\"elementor-widget-wrap elementor-element-populated\">\n\t\t\t\t\t\t<div class=\"elementor-element elementor-element-dae8bc0 gallery-spacing-custom elementor-widget elementor-widget-image-gallery\" data-id=\"dae8bc0\" data-element_type=\"widget\" data-widget_type=\"image-gallery.default\">\n\t\t\t\t<div class=\"elementor-widget-container\">\n\t\t\t\t\t\t\t<div class=\"elementor-image-gallery\">\n\t\t\t<div id='gallery-1' class='gallery galleryid-61 gallery-columns-3 gallery-size-featured'><figure class='gallery-item'>\n\t\t\t<div class='gallery-icon landscape'>\n\t\t\t\t<a data-elementor-open-lightbox=\"yes\" data-elementor-lightbox-slideshow=\"dae8bc0\" data-elementor-lightbox-title=\"Service-22\" data-e-action-hash=\"#elementor-action%3Aaction%3Dlightbox%26settings%3DeyJpZCI6MzgzLCJ1cmwiOiJodHRwczpcL1wvcmVhbHRpY3guY29tXC90clwvd3AtY29udGVudFwvdXBsb2Fkc1wvc2l0ZXNcLzNcLzIwMjNcLzAxXC9TZXJ2aWNlLTIyLmpwZyIsInNsaWRlc2hvdyI6ImRhZThiYzAifQ%3D%3D\" href='https:\/\/realticx.com\/tr\/wp-content\/uploads\/sites\/3\/2023\/01\/Service-22.jpg'><img decoding=\"async\" width=\"642\" height=\"300\" src=\"https:\/\/realticx.com\/tr\/wp-content\/uploads\/sites\/3\/2023\/01\/Service-22-642x300.jpg\" class=\"attachment-featured size-featured\" alt=\"\" srcset=\"https:\/\/realticx.com\/tr\/wp-content\/uploads\/sites\/3\/2023\/01\/Service-22-642x300.jpg 642w, https:\/\/realticx.com\/tr\/wp-content\/uploads\/sites\/3\/2023\/01\/Service-22-750x350.jpg 750w\" sizes=\"(max-width: 642px) 100vw, 642px\" \/><\/a>\n\t\t\t<\/div><\/figure><figure class='gallery-item'>\n\t\t\t<div class='gallery-icon landscape'>\n\t\t\t\t<a data-elementor-open-lightbox=\"yes\" data-elementor-lightbox-slideshow=\"dae8bc0\" data-elementor-lightbox-title=\"Service-33\" data-e-action-hash=\"#elementor-action%3Aaction%3Dlightbox%26settings%3DeyJpZCI6Mzg0LCJ1cmwiOiJodHRwczpcL1wvcmVhbHRpY3guY29tXC90clwvd3AtY29udGVudFwvdXBsb2Fkc1wvc2l0ZXNcLzNcLzIwMjNcLzAxXC9TZXJ2aWNlLTMzLmpwZyIsInNsaWRlc2hvdyI6ImRhZThiYzAifQ%3D%3D\" href='https:\/\/realticx.com\/tr\/wp-content\/uploads\/sites\/3\/2023\/01\/Service-33.jpg'><img decoding=\"async\" width=\"642\" height=\"300\" src=\"https:\/\/realticx.com\/tr\/wp-content\/uploads\/sites\/3\/2023\/01\/Service-33-642x300.jpg\" class=\"attachment-featured size-featured\" alt=\"\" srcset=\"https:\/\/realticx.com\/tr\/wp-content\/uploads\/sites\/3\/2023\/01\/Service-33-642x300.jpg 642w, https:\/\/realticx.com\/tr\/wp-content\/uploads\/sites\/3\/2023\/01\/Service-33-750x350.jpg 750w\" sizes=\"(max-width: 642px) 100vw, 642px\" \/><\/a>\n\t\t\t<\/div><\/figure><figure class='gallery-item'>\n\t\t\t<div class='gallery-icon landscape'>\n\t\t\t\t<a data-elementor-open-lightbox=\"yes\" data-elementor-lightbox-slideshow=\"dae8bc0\" data-elementor-lightbox-title=\"Service-44\" data-e-action-hash=\"#elementor-action%3Aaction%3Dlightbox%26settings%3DeyJpZCI6Mzk3LCJ1cmwiOiJodHRwczpcL1wvcmVhbHRpY3guY29tXC90clwvd3AtY29udGVudFwvdXBsb2Fkc1wvc2l0ZXNcLzNcLzIwMjNcLzAxXC9TZXJ2aWNlLTQ0LTEuanBnIiwic2xpZGVzaG93IjoiZGFlOGJjMCJ9\" href='https:\/\/realticx.com\/tr\/wp-content\/uploads\/sites\/3\/2023\/01\/Service-44-1.jpg'><img loading=\"lazy\" decoding=\"async\" width=\"642\" height=\"300\" src=\"https:\/\/realticx.com\/tr\/wp-content\/uploads\/sites\/3\/2023\/01\/Service-44-1-642x300.jpg\" class=\"attachment-featured size-featured\" alt=\"\" srcset=\"https:\/\/realticx.com\/tr\/wp-content\/uploads\/sites\/3\/2023\/01\/Service-44-1-642x300.jpg 642w, https:\/\/realticx.com\/tr\/wp-content\/uploads\/sites\/3\/2023\/01\/Service-44-1-750x350.jpg 750w\" sizes=\"(max-width: 642px) 100vw, 642px\" \/><\/a>\n\t\t\t<\/div><\/figure>\n\t\t<\/div>\n\t\t<\/div>\n\t\t\t\t\t\t<\/div>\n\t\t\t\t<\/div>\n\t\t\t\t\t<\/div>\n\t\t<\/div>\n\t\t\t\t\t<\/div>\n\t\t<\/section>\n\t\t\t\t<section class=\"elementor-section elementor-top-section elementor-element elementor-element-7044602 elementor-section-content-top elementor-section-boxed elementor-section-height-default elementor-section-height-default\" data-id=\"7044602\" data-element_type=\"section\">\n\t\t\t\t\t\t<div class=\"elementor-container elementor-column-gap-default\">\n\t\t\t\t\t<div class=\"elementor-column elementor-col-100 elementor-top-column elementor-element elementor-element-ae0ea6c\" data-id=\"ae0ea6c\" data-element_type=\"column\">\n\t\t\t<div class=\"elementor-widget-wrap elementor-element-populated\">\n\t\t\t\t\t\t<div class=\"elementor-element elementor-element-761a4b5 elementor-widget elementor-widget-text-editor\" data-id=\"761a4b5\" data-element_type=\"widget\" data-widget_type=\"text-editor.default\">\n\t\t\t\t<div class=\"elementor-widget-container\">\n\t\t\t\t\t\t\t\t\t<h6><strong><span class=\"HwtZe\" lang=\"tr\"><span class=\"jCAhz ChMk0b\"><span class=\"ryNqvb\">Realticx Nas\u0131l \u00c7al\u0131\u015f\u0131r: S\u00fcrecimiz<\/span><\/span><\/span><\/strong><\/h6><p><strong><span class=\"HwtZe\" lang=\"tr\"><span class=\"jCAhz ChMk0b\"><span class=\"ryNqvb\">Ad\u0131m 1- Yerel bir m\u00fc\u015fteri dan\u0131\u015fman\u0131yla ba\u011flant\u0131 kurun<\/span><\/span><\/span><\/strong><\/p><p><span class=\"HwtZe\" lang=\"tr\"><span class=\"jCAhz ChMk0b\"><span class=\"ryNqvb\">Bilgilerinizi <a href=\"https:\/\/realticx.com\/tr\/bize-ulasin\/\"><strong>buraya t\u0131klayarak<\/strong><\/a> web sitemize g\u00f6nderin, m\u00fc\u015fteri dan\u0131\u015fman\u0131 taraf\u0131ndan en k\u0131sa s\u00fcrede sizinle ileti\u015fime ge\u00e7ece\u011fiz.<\/span><\/span> <span class=\"jCAhz ChMk0b\"><span class=\"ryNqvb\">Do\u011fru gayrimenkul\u00fc do\u011fru fiyata bulmak i\u00e7in deneyimimizi, bilgimizi ve veri bilimimizi kullan\u0131yoruz.<\/span><\/span> <span class=\"jCAhz ChMk0b\"><span class=\"ryNqvb\">B\u00fct\u00e7eye ve yakla\u015f\u0131ma g\u00f6re her birey i\u00e7in do\u011fru gayrimenkul\u00fc belirlemek i\u00e7in binlerce gayrimenkul\u00fc ara\u015ft\u0131raca\u011f\u0131z.<\/span><\/span> <span class=\"jCAhz ChMk0b\"><span class=\"ryNqvb\">Her gayrimenkul se\u00e7ene\u011fi i\u00e7in bir finansal analiz olu\u015fturuyor ve her yat\u0131r\u0131mc\u0131n\u0131n faydas\u0131n\u0131 en \u00fcst d\u00fczeye \u00e7\u0131karmas\u0131 i\u00e7in sunuyoruz.<\/span><\/span><\/span><\/p><p><strong><span class=\"HwtZe\" lang=\"tr\"><span class=\"jCAhz ChMk0b\"><span class=\"ryNqvb\">Ad\u0131m 2- Bir teklifte bulunun<\/span><\/span><\/span><\/strong><\/p><p><span class=\"HwtZe\" lang=\"tr\"><span class=\"jCAhz ChMk0b\"><span class=\"ryNqvb\">Uzman yat\u0131r\u0131mc\u0131 dan\u0131\u015fman\u0131m\u0131z, arzu etti\u011finiz m\u00fclk i\u00e7in en iyi teklif aral\u0131\u011f\u0131n\u0131 bulmak i\u00e7in sizinle birlikte koordine edecektir.<\/span><\/span> <span class=\"jCAhz ChMk0b\"><span class=\"ryNqvb\">Teklif kabul edildikten sonra, kabul etti\u011finiz \u015fartlara g\u00f6re m\u00fclk i\u00e7in depozitoyu havale edeceksiniz ve biz de m\u00fclk\u00fc sizin i\u00e7in ay\u0131raca\u011f\u0131z.<\/span><\/span><\/span><\/p><p><strong><span class=\"HwtZe\" lang=\"tr\"><span class=\"jCAhz ChMk0b\"><span class=\"ryNqvb\">Ad\u0131m 3- Ge\u00e7mi\u015f kontrol\u00fc, de\u011ferlendirme ve tefti\u015f raporunu al\u0131n<\/span><\/span><\/span><\/strong><\/p><p><span class=\"HwtZe\" lang=\"tr\"><span class=\"jCAhz ChMk0b\"><span class=\"ryNqvb\">&#8211; De\u011ferleme Raporu: Yetkili bir profesyonel ekspertiz, benzer m\u00fclklerin son sat\u0131\u015flar\u0131na ve mevcut piyasa e\u011filimlerine dayal\u0131 olarak gayrimenkul\u00fcn adil piyasa de\u011ferini de\u011ferlendirir.<\/span><\/span><\/span><\/p><p><span class=\"HwtZe\" lang=\"tr\"><span class=\"jCAhz ChMk0b\"><span class=\"ryNqvb\">&#8211; Tefti\u015f Raporu: Sertifikal\u0131 m\u00fcfetti\u015f taraf\u0131ndan, bozulmay\u0131 tespit eden ve evin durumunu de\u011ferlendiren ve bir al\u0131c\u0131ya tavsiyede bulunan bir emlak tefti\u015f raporu sa\u011flan\u0131r.<\/span><\/span><\/span><\/p><p><span class=\"HwtZe\" lang=\"tr\"><span class=\"jCAhz ChMk0b\"><span class=\"ryNqvb\">&#8211; Tapu raporu ve Sigorta: Tapu raporu, bir m\u00fclk\u00fcn yasal durumunu ve m\u00fclkle ilgili \u00f6nemli bilgileri g\u00f6sterir.<\/span><\/span> <span class=\"jCAhz ChMk0b\"><span class=\"ryNqvb\">Sigorta, bir m\u00fclk \u00fczerindeki t\u00fcm talepleri kapsayan bir poli\u00e7edir.<\/span><\/span><\/span><\/p><p><strong><span class=\"HwtZe\" lang=\"tr\"><span class=\"jCAhz ChMk0b\"><span class=\"ryNqvb\">Ad\u0131m 4- Anla\u015fmay\u0131 kapat\u0131n ve kira gelirinizi toplamaya ba\u015flay\u0131n<\/span><\/span><\/span><\/strong><\/p><p><span class=\"HwtZe\" lang=\"tr\"><span class=\"jCAhz ChMk0b\"><span class=\"ryNqvb\">Gayrimenkul yat\u0131r\u0131m\u0131n\u0131z\u0131 kapatma i\u015fleminde sizinle birlikte \u00e7al\u0131\u015faca\u011f\u0131z.<\/span><\/span> <span class=\"jCAhz ChMk0b\"><span class=\"ryNqvb\">Pasif gelirinizi ba\u015ftan alacaks\u0131n\u0131z ve m\u00fclk\u00fcn %100 sahibi sizsiniz.<\/span><\/span><\/span><\/p><p><strong><span class=\"HwtZe\" lang=\"tr\"><span class=\"jCAhz ChMk0b\"><span class=\"ryNqvb\">Ad\u0131m 5- Gayrimenk\u00fcl\u00fcn\u00fcz\u00fcn y\u00f6netimi, bak\u0131m\u0131, onar\u0131m\u0131 ve geli\u015ftirilmesi ile biz ilgileniriz<\/span><\/span><\/span><\/strong><\/p><p><span class=\"HwtZe\" lang=\"tr\"><span class=\"jCAhz ChMk0b\"><span class=\"ryNqvb\">Hizmetlerimiz \u015funlar\u0131 i\u00e7erir:<\/span><\/span> <\/span><\/p><p><span class=\"HwtZe\" lang=\"tr\"><span class=\"jCAhz ChMk0b\"><span class=\"ryNqvb\">&#8211; uzun vadeli kiralama tahsilat\u0131,<\/span><\/span> <\/span><\/p><p><span class=\"HwtZe\" lang=\"tr\"><span class=\"jCAhz ChMk0b\"><span class=\"ryNqvb\">&#8211; Vergi belgeleri ile ilgili y\u00f6netim ve dan\u0131\u015fmanl\u0131k,<\/span><\/span> <\/span><\/p><p><span class=\"HwtZe\" lang=\"tr\"><span class=\"jCAhz ChMk0b\"><span class=\"ryNqvb\">&#8211; Profesyonel grup ile gayrimenkul\u00fcn\u00fcz\u00fc g\u00fcncelleyin,<\/span><\/span> <\/span><\/p><p><span class=\"HwtZe\" lang=\"tr\"><span class=\"jCAhz ChMk0b\"><span class=\"ryNqvb\">&#8211; M\u00fclk\u00fcn\u00fcz\u00fcn bak\u0131m ve onar\u0131m\u0131,<\/span><\/span> <\/span><\/p><p><span class=\"HwtZe\" lang=\"tr\"><span class=\"jCAhz ChMk0b\"><span class=\"ryNqvb\">&#8211; Belediye taraf\u0131ndan onaylanan ilave ve yeni in\u015faat birimlerini i\u00e7eren geli\u015ftirme program\u0131.<\/span><\/span><\/span><\/p><p><strong><span class=\"HwtZe\" lang=\"tr\"><span class=\"jCAhz ChMk0b\"><span class=\"ryNqvb\">Ad\u0131m 6- M\u00fclk\u00fcn\u00fcz\u00fc satmak<\/span><\/span><\/span><\/strong><\/p><p><span class=\"HwtZe\" lang=\"tr\"><span class=\"jCAhz ChMk0b\"><span class=\"ryNqvb\">Bir\u00e7ok nedenden dolay\u0131 m\u00fclk\u00fcn\u00fcz\u00fc satmaya karar verebilirsiniz, bu nedenle bu s\u00fcre\u00e7te size yard\u0131mc\u0131 oluruz.<\/span><\/span> <span class=\"jCAhz ChMk0b\"><span class=\"ryNqvb\">M\u00fclk\u00fcn\u00fcz\u00fcn durumu, piyasa tahmin raporu, beklenen sat\u0131\u015f fiyat aral\u0131klar\u0131 ve zaman dilimleri hakk\u0131nda size baz\u0131 fikirler verecek baz\u0131 raporlar sunaca\u011f\u0131z.<\/span><\/span><\/span><\/p>\t\t\t\t\t\t\t\t<\/div>\n\t\t\t\t<\/div>\n\t\t\t\t\t<\/div>\n\t\t<\/div>\n\t\t\t\t\t<\/div>\n\t\t<\/section>\n\t\t\t\t<section class=\"elementor-section elementor-top-section elementor-element elementor-element-4e629e1 elementor-section-content-top elementor-section-boxed elementor-section-height-default elementor-section-height-default\" data-id=\"4e629e1\" data-element_type=\"section\">\n\t\t\t\t\t\t<div class=\"elementor-container elementor-column-gap-default\">\n\t\t\t\t\t<div class=\"elementor-column elementor-col-50 elementor-top-column elementor-element elementor-element-20dc6ab\" data-id=\"20dc6ab\" data-element_type=\"column\">\n\t\t\t<div class=\"elementor-widget-wrap elementor-element-populated\">\n\t\t\t\t\t\t<div class=\"elementor-element elementor-element-83110dd elementor-widget elementor-widget-video\" data-id=\"83110dd\" data-element_type=\"widget\" data-settings=\"{&quot;youtube_url&quot;:&quot;https:\\\/\\\/youtu.be\\\/6qmsgd75fsY&quot;,&quot;lazy_load&quot;:&quot;yes&quot;,&quot;show_image_overlay&quot;:&quot;yes&quot;,&quot;image_overlay&quot;:{&quot;url&quot;:&quot;https:\\\/\\\/realticx.com\\\/tr\\\/wp-content\\\/uploads\\\/sites\\\/3\\\/2023\\\/01\\\/Thumbnail-1-D.jpg&quot;,&quot;id&quot;:405,&quot;size&quot;:&quot;&quot;,&quot;alt&quot;:&quot;&quot;,&quot;source&quot;:&quot;library&quot;},&quot;video_type&quot;:&quot;youtube&quot;,&quot;controls&quot;:&quot;yes&quot;}\" data-widget_type=\"video.default\">\n\t\t\t\t<div class=\"elementor-widget-container\">\n\t\t\t\t\t\t\t<div class=\"elementor-wrapper elementor-open-inline\">\n\t\t\t<div class=\"elementor-video\"><\/div>\t\t\t\t<div class=\"elementor-custom-embed-image-overlay\" style=\"background-image: url(https:\/\/realticx.com\/tr\/wp-content\/uploads\/sites\/3\/2023\/01\/Thumbnail-1-D.jpg);\">\n\t\t\t\t\t\t\t\t\t\t\t\t\t\t\t\t<div class=\"elementor-custom-embed-play\" role=\"button\" aria-label=\"Play Video\" tabindex=\"0\">\n\t\t\t\t\t\t\t<i aria-hidden=\"true\" class=\"eicon-play\"><\/i>\t\t\t\t\t\t<\/div>\n\t\t\t\t\t\t\t\t\t<\/div>\n\t\t\t\t\t<\/div>\n\t\t\t\t\t\t<\/div>\n\t\t\t\t<\/div>\n\t\t\t\t\t<\/div>\n\t\t<\/div>\n\t\t\t\t<div class=\"elementor-column elementor-col-50 elementor-top-column elementor-element elementor-element-1e91877\" data-id=\"1e91877\" data-element_type=\"column\">\n\t\t\t<div class=\"elementor-widget-wrap elementor-element-populated\">\n\t\t\t\t\t\t<div class=\"elementor-element elementor-element-e7d8d2f elementor-widget elementor-widget-text-editor\" data-id=\"e7d8d2f\" data-element_type=\"widget\" data-widget_type=\"text-editor.default\">\n\t\t\t\t<div class=\"elementor-widget-container\">\n\t\t\t\t\t\t\t\t\t<p><strong><span class=\"HwtZe\" lang=\"tr\"><span class=\"jCAhz ChMk0b\"><span class=\"ryNqvb\">Realticx ile Yat\u0131r\u0131m Yapman\u0131n Avantajlar\u0131<\/span><\/span><\/span><\/strong><\/p><p><span class=\"HwtZe\" lang=\"tr\"><span class=\"jCAhz ChMk0b\"><span class=\"ryNqvb\">ABD&#8217;deki en kaliteli gayrimenkul yat\u0131r\u0131m\u0131n\u0131z\u0131 optimize etmenize yard\u0131mc\u0131 oluyoruz. Realticx arac\u0131l\u0131\u011f\u0131yla yat\u0131r\u0131m yapman\u0131n a\u015fa\u011f\u0131daki avantajlar\u0131n\u0131 elde edeceksiniz:<\/span><\/span><\/span><\/p><p><span class=\"HwtZe\" lang=\"tr\"><span class=\"jCAhz ChMk0b\"><span class=\"ryNqvb\">&#8211; D\u00fcnyan\u0131n her yerinden, her zaman tamamen \u00e7evrimi\u00e7i olarak gayrimenkule yat\u0131r\u0131m yap\u0131n,<\/span><\/span> <\/span><\/p><p><span class=\"HwtZe\" lang=\"tr\"><span class=\"jCAhz ChMk0b\"><span class=\"ryNqvb\">&#8211; M\u00fclk\u00fcn\u00fcz\u00fc herhangi birine atay\u0131n,<\/span><\/span> <\/span><\/p><p><span class=\"HwtZe\" lang=\"tr\"><span class=\"jCAhz ChMk0b\"><span class=\"ryNqvb\">&#8211; Yat\u0131r\u0131mc\u0131n\u0131n \u015fahsi sorumlulu\u011fu yoktur,<\/span><\/span> <\/span><\/p><p><span class=\"HwtZe\" lang=\"tr\"><span class=\"jCAhz ChMk0b\"><span class=\"ryNqvb\">&#8211; vergi belgesi, ge\u00e7mi\u015f, unvan, sigorta vb. dahil olmak \u00fczere belgelerinize \u00e7evrimi\u00e7i eri\u015fim,<\/span><\/span> <\/span><\/p><p><span class=\"HwtZe\" lang=\"tr\"><span class=\"jCAhz ChMk0b\"><span class=\"ryNqvb\">&#8211; Plan\u0131n\u0131z oldu\u011fu s\u00fcrece m\u00fclk\u00fcn\u00fczle ilgilenece\u011fiz.<\/span><\/span><\/span><\/p><p><span class=\"HwtZe\" lang=\"tr\"><span class=\"jCAhz ChMk0b\"><span class=\"ryNqvb\"><a href=\"https:\/\/realticx.com\/contact\/#consultation\"><strong>Buraya t\u0131klayarak<\/strong><\/a> \u015fimdi \u00fccretsiz bir dan\u0131\u015fma randevusu al\u0131n.<\/span><\/span><\/span><\/p><p>\u00a0<\/p>\t\t\t\t\t\t\t\t<\/div>\n\t\t\t\t<\/div>\n\t\t\t\t\t<\/div>\n\t\t<\/div>\n\t\t\t\t\t<\/div>\n\t\t<\/section>\n\t\t\t\t<\/div>\n\t\t","protected":false},"excerpt":{"rendered":"<p>ABD Gayrimenkul\u00fcne Yat\u0131r\u0131m \u0130\u00e7in Hizmetlerimiz Yerel ve uluslararas\u0131 yat\u0131r\u0131mc\u0131lar i\u00e7in d\u00fcnyan\u0131n \u00f6nde gelen gayrimenkul yat\u0131r\u0131m pazar\u0131n\u0131 olu\u015fturduk. Gayrimenkul yat\u0131r\u0131m\u0131 sahipli\u011fini d\u00fcnyadaki herkes i\u00e7in basit, kolay, eri\u015filebilir ve uygun maliyetli hale getiriyoruz. ABD i\u00e7indeki ve d\u0131\u015f\u0131ndaki her gayrimenkul yat\u0131r\u0131mc\u0131s\u0131 i\u00e7in eksiksiz<\/p>\n","protected":false},"author":1,"featured_media":0,"parent":0,"menu_order":0,"comment_status":"closed","ping_status":"closed","template":"page-templates\/page-builder.php","meta":{"_vp_format_video_url":"","_vp_image_focal_point":[],"footnotes":""},"class_list":["post-61","page","type-page","status-publish","hentry"],"_links":{"self":[{"href":"https:\/\/realticx.com\/tr\/wp-json\/wp\/v2\/pages\/61","targetHints":{"allow":["GET"]}}],"collection":[{"href":"https:\/\/realticx.com\/tr\/wp-json\/wp\/v2\/pages"}],"about":[{"href":"https:\/\/realticx.com\/tr\/wp-json\/wp\/v2\/types\/page"}],"author":[{"embeddable":true,"href":"https:\/\/realticx.com\/tr\/wp-json\/wp\/v2\/users\/1"}],"replies":[{"embeddable":true,"href":"https:\/\/realticx.com\/tr\/wp-json\/wp\/v2\/comments?post=61"}],"version-history":[{"count":28,"href":"https:\/\/realticx.com\/tr\/wp-json\/wp\/v2\/pages\/61\/revisions"}],"predecessor-version":[{"id":451,"href":"https:\/\/realticx.com\/tr\/wp-json\/wp\/v2\/pages\/61\/revisions\/451"}],"wp:attachment":[{"href":"https:\/\/realticx.com\/tr\/wp-json\/wp\/v2\/media?parent=61"}],"curies":[{"name":"wp","href":"https:\/\/api.w.org\/{rel}","templated":true}]}}